{"id":2215,"date":"2016-02-11T22:32:36","date_gmt":"2016-02-12T04:32:36","guid":{"rendered":"http:\/\/173.254.28.170\/~kardoorg\/?post_type=product&#038;p=2215"},"modified":"2021-07-03T14:30:09","modified_gmt":"2021-07-03T19:30:09","slug":"wisdom-for-mothers-workbook-polish","status":"publish","type":"product","link":"https:\/\/kardo.org\/zh\/product\/wisdom-for-mothers-workbook-polish\/","title":{"rendered":"Wisdom for Mothers Workbook (Polish)"},"content":{"rendered":"<p>Jest to dziesi\u0119ciotygodniowe studium biblijne pomocne w odnalezieniu odpowiedzi na wa\u017cne pytania dotycz\u0105ce ma\u0142\u017ce\u0144stwa, rodzicielstwa i \u017cyciowych priorytet\u00f3w. Poza g\u0142\u0119bszym poznaniem Biblii poprzez studium zdob\u0119dziesz tak\u017ce nowe umiej\u0119tno\u015bci rodzicielskie, a tak\u017ce znajdziesz tu przydatne pomys\u0142y dla mamy dzieci w ka\u017cdym wieku. Studium oparte jest na Ksi\u0119dze Przypowie\u015bci Salomona 31. Idealne dla mam ma\u0142ych dzieci. Studium jest tak\u017ce doskona\u0142ym materia\u0142em \u017ar\u00f3d\u0142owym dla lider\u00f3w zapewniaj\u0105c pomocne informacje dotycz\u0105ce zaplanowania, zorganizowania oraz poprowadzenia spotkania ma\u0142ej grupy w oparciu o lekcje zawarte w podr\u0119czniku. Uwaga: Przewodnik dla lider\u00f3w mo\u017cesz naby\u0107 osobno lub jako cz\u0119\u015b\u0107 zestawu.<\/p>\n<p>&nbsp;<\/p>","protected":false},"excerpt":{"rendered":"<p>Jest to dziesi\u0119ciotygodniowe studium biblijne pomocne w odnalezieniu odpowiedzi na wa\u017cne pytania dotycz\u0105ce ma\u0142\u017ce\u0144stwa, rodzicielstwa i \u017cyciowych priorytet\u00f3w. Poza g\u0142\u0119bszym poznaniem Biblii poprzez studium zdob\u0119dziesz tak\u017ce nowe umiej\u0119tno\u015bci rodzicielskie, a tak\u017ce znajdziesz tu przydatne pomys\u0142y dla mamy dzieci w ka\u017cdym wieku. Studium oparte jest na Ksi\u0119dze Przypowie\u015bci Salomona 31. Idealne dla mam ma\u0142ych dzieci. Studium  [&#8230;]<\/p>\n","protected":false},"featured_media":2122,"template":"","meta":{"_monsterinsights_skip_tracking":false,"_monsterinsights_sitenote_active":false,"_monsterinsights_sitenote_note":"","_monsterinsights_sitenote_category":0,"jetpack_post_was_ever_published":false},"product_brand":[],"product_cat":[36,10],"product_tag":[69,51],"class_list":{"0":"post-2215","1":"product","2":"type-product","3":"status-publish","4":"has-post-thumbnail","6":"product_cat-polish","7":"product_cat-wisdom-for-mothers","8":"product_tag-polish","9":"product_tag-wisdom-for-mothers","11":"first","12":"instock","13":"shipping-taxable","14":"purchasable","15":"product-type-simple"},"aioseo_notices":[],"jetpack_sharing_enabled":true,"_links":{"self":[{"href":"https:\/\/kardo.org\/zh\/wp-json\/wp\/v2\/product\/2215","targetHints":{"allow":["GET"]}}],"collection":[{"href":"https:\/\/kardo.org\/zh\/wp-json\/wp\/v2\/product"}],"about":[{"href":"https:\/\/kardo.org\/zh\/wp-json\/wp\/v2\/types\/product"}],"wp:featuredmedia":[{"embeddable":true,"href":"https:\/\/kardo.org\/zh\/wp-json\/wp\/v2\/media\/2122"}],"wp:attachment":[{"href":"https:\/\/kardo.org\/zh\/wp-json\/wp\/v2\/media?parent=2215"}],"wp:term":[{"taxonomy":"product_brand","embeddable":true,"href":"https:\/\/kardo.org\/zh\/wp-json\/wp\/v2\/product_brand?post=2215"},{"taxonomy":"product_cat","embeddable":true,"href":"https:\/\/kardo.org\/zh\/wp-json\/wp\/v2\/product_cat?post=2215"},{"taxonomy":"product_tag","embeddable":true,"href":"https:\/\/kardo.org\/zh\/wp-json\/wp\/v2\/product_tag?post=2215"}],"curies":[{"name":"wp","href":"https:\/\/api.w.org\/{rel}","templated":true}]}}