{"id":2160,"date":"2016-02-11T21:02:19","date_gmt":"2016-02-12T03:02:19","guid":{"rendered":"http:\/\/173.254.28.170\/~kardoorg\/?post_type=product&#038;p=2160"},"modified":"2021-07-03T14:38:00","modified_gmt":"2021-07-03T19:38:00","slug":"libertad-para-madres-workbook-spanish","status":"publish","type":"product","link":"https:\/\/kardo.org\/zh\/product\/libertad-para-madres-workbook-spanish\/","title":{"rendered":"Freedom for Mothers  Workbook (Spanish): Libertad para Madres"},"content":{"rendered":"<h2>Freedom for Mothers (Spanish)<\/h2>\n<p>En un grupo de ocho semanas de estudio b\u00edblico o guia de estudio individual, este libro es para las mujeres de todas las edades. En el interior, encontrar\u00e1s un estudio profundizado de la Biblia, combinada con sus entra\u00f1ables historias personales y acompa\u00f1ando por consejos de cuidados maternales. Vas a reir y llorar cuando tu lees este estudio que puede transformar tu maternidad de frustrante a victoriosa. Si tus hijos son ni\u00f1os o adolescentes, encontrar\u00e1s principios importantes en el estudio que te har\u00e1 libre para ser la madre que deseas ser. Aunque este libro no es la soluci\u00f3n instantanea todos tus problemas de maternidad, es un estudio b\u00edblico s\u00f3lido para llevarte profundamente en la Palabra de Dios para descubrir que Jesus no solo vino para ayudarte con tu vida, lleg\u00f3 a vivir tu vida!<\/p>\n<h2><\/h2>","protected":false},"excerpt":{"rendered":"<p>Freedom for Mothers (Spanish) En un grupo de ocho semanas de estudio b\u00edblico o guia de estudio individual, este libro es para las mujeres de todas las edades. En el interior, encontrar\u00e1s un estudio profundizado de la Biblia, combinada con sus entra\u00f1ables historias personales y acompa\u00f1ando por consejos de cuidados maternales. Vas a reir y  [&#8230;]<\/p>\n","protected":false},"featured_media":2161,"template":"","meta":{"_monsterinsights_skip_tracking":false,"_monsterinsights_sitenote_active":false,"_monsterinsights_sitenote_note":"","_monsterinsights_sitenote_category":0,"jetpack_post_was_ever_published":false},"product_brand":[],"product_cat":[26,13],"product_tag":[54,59],"class_list":{"0":"post-2160","1":"product","2":"type-product","3":"status-publish","4":"has-post-thumbnail","6":"product_cat-spanish","7":"product_cat-freedom-for-mothers","8":"product_tag-freedom-for-mothers","9":"product_tag-spanish","11":"first","12":"instock","13":"shipping-taxable","14":"purchasable","15":"product-type-simple"},"aioseo_notices":[],"jetpack_sharing_enabled":true,"_links":{"self":[{"href":"https:\/\/kardo.org\/zh\/wp-json\/wp\/v2\/product\/2160","targetHints":{"allow":["GET"]}}],"collection":[{"href":"https:\/\/kardo.org\/zh\/wp-json\/wp\/v2\/product"}],"about":[{"href":"https:\/\/kardo.org\/zh\/wp-json\/wp\/v2\/types\/product"}],"wp:featuredmedia":[{"embeddable":true,"href":"https:\/\/kardo.org\/zh\/wp-json\/wp\/v2\/media\/2161"}],"wp:attachment":[{"href":"https:\/\/kardo.org\/zh\/wp-json\/wp\/v2\/media?parent=2160"}],"wp:term":[{"taxonomy":"product_brand","embeddable":true,"href":"https:\/\/kardo.org\/zh\/wp-json\/wp\/v2\/product_brand?post=2160"},{"taxonomy":"product_cat","embeddable":true,"href":"https:\/\/kardo.org\/zh\/wp-json\/wp\/v2\/product_cat?post=2160"},{"taxonomy":"product_tag","embeddable":true,"href":"https:\/\/kardo.org\/zh\/wp-json\/wp\/v2\/product_tag?post=2160"}],"curies":[{"name":"wp","href":"https:\/\/api.w.org\/{rel}","templated":true}]}}