{"id":2159,"date":"2016-02-11T20:59:42","date_gmt":"2016-02-12T02:59:42","guid":{"rendered":"http:\/\/173.254.28.170\/~kardoorg\/?post_type=product&#038;p=2159"},"modified":"2026-01-09T13:33:36","modified_gmt":"2026-01-09T19:33:36","slug":"restaura-mi-corazon-large-group-kit","status":"publish","type":"product","link":"https:\/\/kardo.org\/zh\/product\/restaura-mi-corazon-large-group-kit\/","title":{"rendered":"Restore My Heart Small Group Kit (Spanish): Restaura Mi Corazon"},"content":{"rendered":"<div class=\"fusion-fullwidth fullwidth-box fusion-builder-row-1 fusion-flex-container nonhundred-percent-fullwidth non-hundred-percent-height-scrolling\" style=\"--awb-border-radius-top-left:0px;--awb-border-radius-top-right:0px;--awb-border-radius-bottom-right:0px;--awb-border-radius-bottom-left:0px;--awb-flex-wrap:wrap;\" ><div class=\"fusion-builder-row fusion-row fusion-flex-align-items-flex-start fusion-flex-content-wrap\" style=\"max-width:0;margin-left: calc(-4% \/ 2 );margin-right: calc(-4% \/ 2 );\"><div class=\"fusion-layout-column fusion_builder_column fusion-builder-column-0 fusion_builder_column_1_1 1_1 fusion-flex-column\" style=\"--awb-bg-size:cover;--awb-width-large:100%;--awb-margin-top-large:0px;--awb-spacing-right-large:1.92%;--awb-margin-bottom-large:0px;--awb-spacing-left-large:1.92%;--awb-width-medium:100%;--awb-spacing-right-medium:1.92%;--awb-spacing-left-medium:1.92%;--awb-width-small:100%;--awb-spacing-right-small:1.92%;--awb-spacing-left-small:1.92%;\"><div class=\"fusion-column-wrapper fusion-flex-justify-content-flex-start fusion-content-layout-column\"><div class=\"fusion-text fusion-text-1\"><h4>Un paquete para grupos peque\u00f1os.<\/h4>\n<h4>Investiga\u00a0 la Palabra de Dios en este penetrante estudio b\u00edblico de seis semanas sobre el amor de Cristo por t\u00ed y su invitaci\u00f3n a\u00a0 que te conviertas en su esposa.\u00a0 Descubre las verdades del profundo amor arraigado en antiguas costumbres y tradiciones nupciales jud\u00edas. Disfruta de su deseo de adornarte abundantemente con\u00a0 regalos preciosos.El libro es una gu\u00eda devocional para ser utilizado 5 d\u00edas de clases diarias\u00a0 (10 a 15 minutos por d\u00eda ). El estudio est\u00e1 escrito para animarte a\u00a0 estudiarlo independientemente\u00a0 o en\u00a0 peque\u00f1os grupos de discusi\u00f3n a trav\u00e9s de un formato de pregunta y respuesta. El libro mejora tu tiempo en la Palabra de Dios, as\u00ed como, la\u00a0 aplicaci\u00f3n pr\u00e1ctica en tu vida diaria. Este paquete contiene 5 libros, 1 gu\u00edas para lideres, y enlaces de v\u00eddeos online (v\u00e1lidos por 6 meses)<\/h4>\n<h2><\/h2>\n<\/div><\/div><\/div><\/div><\/div>","protected":false},"excerpt":{"rendered":"<h2>Un paquete para grupos peque\u00f1os.<\/h2>\n<p>Este paquete contiene 5 libros, 1 gu\u00edas para lideres,y enlaces de v\u00eddeos online (v\u00e1lidos por 6 meses)<\/p>","protected":false},"featured_media":12584,"template":"","meta":{"_monsterinsights_skip_tracking":false,"_monsterinsights_sitenote_active":false,"_monsterinsights_sitenote_note":"","_monsterinsights_sitenote_category":0,"jetpack_post_was_ever_published":false},"product_brand":[],"product_cat":[26,15],"product_tag":[55,59],"class_list":{"0":"post-2159","1":"product","2":"type-product","3":"status-publish","4":"has-post-thumbnail","6":"product_cat-spanish","7":"product_cat-restore-my-heart","8":"product_tag-restore-my-heart","9":"product_tag-spanish","11":"first","12":"instock","13":"sale","14":"shipping-taxable","15":"purchasable","16":"product-type-simple"},"aioseo_notices":[],"jetpack_sharing_enabled":true,"_links":{"self":[{"href":"https:\/\/kardo.org\/zh\/wp-json\/wp\/v2\/product\/2159","targetHints":{"allow":["GET"]}}],"collection":[{"href":"https:\/\/kardo.org\/zh\/wp-json\/wp\/v2\/product"}],"about":[{"href":"https:\/\/kardo.org\/zh\/wp-json\/wp\/v2\/types\/product"}],"wp:featuredmedia":[{"embeddable":true,"href":"https:\/\/kardo.org\/zh\/wp-json\/wp\/v2\/media\/12584"}],"wp:attachment":[{"href":"https:\/\/kardo.org\/zh\/wp-json\/wp\/v2\/media?parent=2159"}],"wp:term":[{"taxonomy":"product_brand","embeddable":true,"href":"https:\/\/kardo.org\/zh\/wp-json\/wp\/v2\/product_brand?post=2159"},{"taxonomy":"product_cat","embeddable":true,"href":"https:\/\/kardo.org\/zh\/wp-json\/wp\/v2\/product_cat?post=2159"},{"taxonomy":"product_tag","embeddable":true,"href":"https:\/\/kardo.org\/zh\/wp-json\/wp\/v2\/product_tag?post=2159"}],"curies":[{"name":"wp","href":"https:\/\/api.w.org\/{rel}","templated":true}]}}