{"id":2153,"date":"2016-02-11T20:35:40","date_gmt":"2016-02-12T02:35:40","guid":{"rendered":"http:\/\/173.254.28.170\/~kardoorg\/?post_type=product&#038;p=2153"},"modified":"2023-11-08T14:53:34","modified_gmt":"2023-11-08T20:53:34","slug":"sabiduria-para-madres-large-group-kit-spanish","status":"publish","type":"product","link":"https:\/\/kardo.org\/zh\/product\/sabiduria-para-madres-large-group-kit-spanish\/","title":{"rendered":"Wisdom for Mothers Small Group Kit (Spanish) Sabiduria para Madres"},"content":{"rendered":"<p>Un paquete para grupos peque\u00f1os.<\/p>\n<p>Es un estudio de diez semanas que te ayudar\u00e1n a encontrar respuestas b\u00edblicas a\u00a0 preguntas importantes acerca de tu matrimonio, cuidado de los hijos y tus prioridades. Adem\u00e1s del estudio b\u00edblico aprender\u00e1s a mejorar tus habilidades maternas y encontrar\u00e1s Consejo pr\u00e1ctico para mam\u00e1 dise\u00f1ado para las mam\u00e1s de todas las edades al finalizar cada lecci\u00f3n, basado en Proverbios 31 grandioso estudio para madres de hijos peque\u00f1os.<\/p>\n<p>Este paquete contiene 5 libros, 1 guias para el lider, y enlaces de v\u00eddeos online (v\u00e1lidos por 6 meses)<\/p>\n<h2><\/h2>","protected":false},"excerpt":{"rendered":"<h4>Este paquete contiene 5 libros, 1 guias para el lider, y enlaces de v\u00eddeos online (v\u00e1lidos por 6 meses)<\/h4>","protected":false},"featured_media":2112,"template":"","meta":{"_monsterinsights_skip_tracking":false,"_monsterinsights_sitenote_active":false,"_monsterinsights_sitenote_note":"","_monsterinsights_sitenote_category":0,"jetpack_post_was_ever_published":false},"product_brand":[],"product_cat":[26,10],"product_tag":[59,51],"class_list":{"0":"post-2153","1":"product","2":"type-product","3":"status-publish","4":"has-post-thumbnail","6":"product_cat-spanish","7":"product_cat-wisdom-for-mothers","8":"product_tag-spanish","9":"product_tag-wisdom-for-mothers","11":"first","12":"instock","13":"sale","14":"shipping-taxable","15":"purchasable","16":"product-type-simple"},"aioseo_notices":[],"jetpack_sharing_enabled":true,"_links":{"self":[{"href":"https:\/\/kardo.org\/zh\/wp-json\/wp\/v2\/product\/2153","targetHints":{"allow":["GET"]}}],"collection":[{"href":"https:\/\/kardo.org\/zh\/wp-json\/wp\/v2\/product"}],"about":[{"href":"https:\/\/kardo.org\/zh\/wp-json\/wp\/v2\/types\/product"}],"wp:featuredmedia":[{"embeddable":true,"href":"https:\/\/kardo.org\/zh\/wp-json\/wp\/v2\/media\/2112"}],"wp:attachment":[{"href":"https:\/\/kardo.org\/zh\/wp-json\/wp\/v2\/media?parent=2153"}],"wp:term":[{"taxonomy":"product_brand","embeddable":true,"href":"https:\/\/kardo.org\/zh\/wp-json\/wp\/v2\/product_brand?post=2153"},{"taxonomy":"product_cat","embeddable":true,"href":"https:\/\/kardo.org\/zh\/wp-json\/wp\/v2\/product_cat?post=2153"},{"taxonomy":"product_tag","embeddable":true,"href":"https:\/\/kardo.org\/zh\/wp-json\/wp\/v2\/product_tag?post=2153"}],"curies":[{"name":"wp","href":"https:\/\/api.w.org\/{rel}","templated":true}]}}