{"id":10729,"date":"2023-10-02T10:14:24","date_gmt":"2023-10-02T15:14:24","guid":{"rendered":"https:\/\/kardo.org\/?post_type=product&#038;p=10729"},"modified":"2023-12-13T15:18:11","modified_gmt":"2023-12-13T21:18:11","slug":"navidad-un-devocional-de-advenimiento","status":"publish","type":"product","link":"https:\/\/kardo.org\/zh\/product\/navidad-un-devocional-de-advenimiento\/","title":{"rendered":"Navidad &#8211; Un Devocional de Advenimiento"},"content":{"rendered":"<h3>Un devocional para el Advenimiento basado en la vida de Mar\u00eda y Jos\u00e9 que condujo al nacimiento de Jes\u00fas.<\/h3>\n<p>Este devocional es una nueva perspectiva sobre la historia de la Navidad basado en el estudio del contexto cultural y b\u00edblico. Al investigar las Escrituras y la cultura jud\u00eda antigua en la que vivieron Mar\u00eda y Jos\u00e9, Denise ha escrito lo que posiblemente sucedi\u00f3 en sus vidas antes del nacimiento del Se\u00f1or Jes\u00fas.<\/p>\n<p>Cada d\u00eda, del 1 al 31 de diciembre, leer\u00e1s una oraci\u00f3n, un breve relato imaginario desde la perspectiva de Mar\u00eda y Jos\u00e9, una lectura de las Escrituras y un consejo pr\u00e1ctico para aplicar mientras te preparas para la Navidad. Nuestra oraci\u00f3n es que esta temporada, experimentes a Cristo como nunca antes.<\/p>\n<h3><\/h3>","protected":false},"excerpt":{"rendered":"<h2>El libro estar\u00e1 disponible para su env\u00edo a mediados de noviembre.<\/h2>","protected":false},"featured_media":10730,"template":"","meta":{"_monsterinsights_skip_tracking":false,"_monsterinsights_sitenote_active":false,"_monsterinsights_sitenote_note":"","_monsterinsights_sitenote_category":0,"jetpack_post_was_ever_published":false},"product_brand":[],"product_cat":[127,128,26,18],"product_tag":[44],"class_list":{"0":"post-10729","1":"product","2":"type-product","3":"status-publish","4":"has-post-thumbnail","6":"product_cat-navidad-un-devocional","7":"product_cat-noel-an-advent-devotional","8":"product_cat-spanish","9":"product_cat-gift-items","10":"product_tag-gift","12":"first","13":"instock","14":"featured","15":"shipping-taxable","16":"purchasable","17":"product-type-simple"},"aioseo_notices":[],"jetpack_sharing_enabled":true,"_links":{"self":[{"href":"https:\/\/kardo.org\/zh\/wp-json\/wp\/v2\/product\/10729","targetHints":{"allow":["GET"]}}],"collection":[{"href":"https:\/\/kardo.org\/zh\/wp-json\/wp\/v2\/product"}],"about":[{"href":"https:\/\/kardo.org\/zh\/wp-json\/wp\/v2\/types\/product"}],"wp:featuredmedia":[{"embeddable":true,"href":"https:\/\/kardo.org\/zh\/wp-json\/wp\/v2\/media\/10730"}],"wp:attachment":[{"href":"https:\/\/kardo.org\/zh\/wp-json\/wp\/v2\/media?parent=10729"}],"wp:term":[{"taxonomy":"product_brand","embeddable":true,"href":"https:\/\/kardo.org\/zh\/wp-json\/wp\/v2\/product_brand?post=10729"},{"taxonomy":"product_cat","embeddable":true,"href":"https:\/\/kardo.org\/zh\/wp-json\/wp\/v2\/product_cat?post=10729"},{"taxonomy":"product_tag","embeddable":true,"href":"https:\/\/kardo.org\/zh\/wp-json\/wp\/v2\/product_tag?post=10729"}],"curies":[{"name":"wp","href":"https:\/\/api.w.org\/{rel}","templated":true}]}}