{"id":2214,"date":"2016-02-11T22:31:07","date_gmt":"2016-02-12T04:31:07","guid":{"rendered":"http:\/\/173.254.28.170\/~kardoorg\/?post_type=product&#038;p=2214"},"modified":"2025-09-04T16:07:20","modified_gmt":"2025-09-04T21:07:20","slug":"wisdom-for-mothers-workbook-german","status":"publish","type":"product","link":"https:\/\/kardo.org\/ko\/product\/wisdom-for-mothers-workbook-german\/","title":{"rendered":"Wisdom for Mothers Workbook (German) &#8211; only avail in Germany (20\u20ac) [click here for ordering instructions]"},"content":{"rendered":"<div class=\"fusion-fullwidth fullwidth-box fusion-builder-row-1 fusion-flex-container nonhundred-percent-fullwidth non-hundred-percent-height-scrolling\" style=\"--awb-border-radius-top-left:0px;--awb-border-radius-top-right:0px;--awb-border-radius-bottom-right:0px;--awb-border-radius-bottom-left:0px;--awb-flex-wrap:wrap;\" ><div class=\"fusion-builder-row fusion-row fusion-flex-align-items-flex-start fusion-flex-content-wrap\" style=\"max-width:0;margin-left: calc(-4% \/ 2 );margin-right: calc(-4% \/ 2 );\"><div class=\"fusion-layout-column fusion_builder_column fusion-builder-column-0 fusion_builder_column_1_1 1_1 fusion-flex-column\" style=\"--awb-bg-size:cover;--awb-width-large:100%;--awb-margin-top-large:0px;--awb-spacing-right-large:1.92%;--awb-margin-bottom-large:0px;--awb-spacing-left-large:1.92%;--awb-width-medium:100%;--awb-spacing-right-medium:1.92%;--awb-spacing-left-medium:1.92%;--awb-width-small:100%;--awb-spacing-right-small:1.92%;--awb-spacing-left-small:1.92%;\"><div class=\"fusion-column-wrapper fusion-flex-justify-content-flex-start fusion-content-layout-column\"><div class=\"fusion-text fusion-text-1\"><p>The German version of <em>\uc9c0\ud61c<\/em>\u00a0is available in Germany only at this time; it is out of stock in the U.S. Please send an email to\u00a0<a>kardoministries.de@gmail.com<\/a>\u00a0to order books or\u00a0for additional information.\u00a0<strong>The price of the book<\/strong><strong>\u00a0in Germany is 20\u20ac.\u00a0\u00a0<\/strong><\/p>\n<p>Eine 10 w\u00f6chige Studie, die Ihnen helfen wird biblische Antworten auf wichtige Fragen bez\u00fcglich Ehe, Kindererziehung und das richtige Setzen von Priorit\u00e4ten zu finden. Neben dem Bibelstudium werden Sie lernen, Ihre Erziehungsmethoden zu verbessern. Am Ende jeder Lektion werden Sie Ratschl\u00e4ge, basierend auf Spr\u00fcche 31 bekommen. Diese Anregen sind f\u00fcr M\u00fctter jeden Alters. Besonders empfehlenswert f\u00fcr M\u00fctter von j\u00fcngeren Kindern. Das Arbeitsbuch ist eine Hilfe zur t\u00e4glichen Andacht und als Begleitung der 5 t\u00e4gigen Lektionen ( 10 bis 15 Minuten t\u00e4glich ) gedacht. Das Buch wurde geschrieben um individuelles Lernen sowie auch als Anwendung in Kleingruppen zu erm\u00f6glichen. Vorgegebene Frageb\u00f6gen k\u00f6nnen zu Gruppengespr\u00e4chen anregen. Das Arbeitsbuch wird Ihr pers\u00f6nliches Bibelstudium bereichern und gleichzeitig praktische Anwendungen f\u00fcr Ihren Alltag geben.<\/p>\n<\/div><\/div><\/div><\/div><\/div>","protected":false},"excerpt":{"rendered":"","protected":false},"featured_media":9808,"template":"","meta":{"_monsterinsights_skip_tracking":false,"_monsterinsights_sitenote_active":false,"_monsterinsights_sitenote_note":"","_monsterinsights_sitenote_category":0,"jetpack_post_was_ever_published":false},"product_brand":[],"product_cat":[35,10],"product_tag":[68,51],"class_list":{"0":"post-2214","1":"product","2":"type-product","3":"status-publish","4":"has-post-thumbnail","6":"product_cat-german","7":"product_cat-wisdom-for-mothers","8":"product_tag-german","9":"product_tag-wisdom-for-mothers","11":"first","12":"outofstock","13":"shipping-taxable","14":"product-type-simple"},"aioseo_notices":[],"jetpack_sharing_enabled":true,"_links":{"self":[{"href":"https:\/\/kardo.org\/ko\/wp-json\/wp\/v2\/product\/2214","targetHints":{"allow":["GET"]}}],"collection":[{"href":"https:\/\/kardo.org\/ko\/wp-json\/wp\/v2\/product"}],"about":[{"href":"https:\/\/kardo.org\/ko\/wp-json\/wp\/v2\/types\/product"}],"wp:featuredmedia":[{"embeddable":true,"href":"https:\/\/kardo.org\/ko\/wp-json\/wp\/v2\/media\/9808"}],"wp:attachment":[{"href":"https:\/\/kardo.org\/ko\/wp-json\/wp\/v2\/media?parent=2214"}],"wp:term":[{"taxonomy":"product_brand","embeddable":true,"href":"https:\/\/kardo.org\/ko\/wp-json\/wp\/v2\/product_brand?post=2214"},{"taxonomy":"product_cat","embeddable":true,"href":"https:\/\/kardo.org\/ko\/wp-json\/wp\/v2\/product_cat?post=2214"},{"taxonomy":"product_tag","embeddable":true,"href":"https:\/\/kardo.org\/ko\/wp-json\/wp\/v2\/product_tag?post=2214"}],"curies":[{"name":"wp","href":"https:\/\/api.w.org\/{rel}","templated":true}]}}