{"id":2151,"date":"2016-02-11T20:31:05","date_gmt":"2016-02-12T02:31:05","guid":{"rendered":"http:\/\/173.254.28.170\/~kardoorg\/?post_type=product&#038;p=2151"},"modified":"2021-07-03T14:39:00","modified_gmt":"2021-07-03T19:39:00","slug":"sabiduria-para-madres-leader-guide-spanish","status":"publish","type":"product","link":"https:\/\/kardo.org\/ko\/product\/sabiduria-para-madres-leader-guide-spanish\/","title":{"rendered":"Wisdom for Mothers Leaders Guide (Spanish): Sabidur\u00eda para Madres gu\u00eda para l\u00edderes"},"content":{"rendered":"<p>Este es un excelente recurso para las l\u00edderes. Proporciona a la l\u00edder con informaci\u00f3n \u00fatil sobre la forma de planificar, organizar y dirigir un grupo de estudio b\u00edblico de Sabidur\u00eda para Madres.<\/p>","protected":false},"excerpt":{"rendered":"<p>Este es un excelente recurso para las l\u00edderes. Proporciona a la l\u00edder con informaci\u00f3n \u00fatil sobre la forma de planificar, organizar y dirigir un grupo de estudio b\u00edblico de Sabidur\u00eda para Madres.<\/p>","protected":false},"featured_media":2112,"template":"","meta":{"_monsterinsights_skip_tracking":false,"_monsterinsights_sitenote_active":false,"_monsterinsights_sitenote_note":"","_monsterinsights_sitenote_category":0,"jetpack_post_was_ever_published":false},"product_brand":[],"product_cat":[26,10],"product_tag":[59,51],"class_list":{"0":"post-2151","1":"product","2":"type-product","3":"status-publish","4":"has-post-thumbnail","6":"product_cat-spanish","7":"product_cat-wisdom-for-mothers","8":"product_tag-spanish","9":"product_tag-wisdom-for-mothers","11":"first","12":"instock","13":"shipping-taxable","14":"purchasable","15":"product-type-simple"},"aioseo_notices":[],"jetpack_sharing_enabled":true,"_links":{"self":[{"href":"https:\/\/kardo.org\/ko\/wp-json\/wp\/v2\/product\/2151","targetHints":{"allow":["GET"]}}],"collection":[{"href":"https:\/\/kardo.org\/ko\/wp-json\/wp\/v2\/product"}],"about":[{"href":"https:\/\/kardo.org\/ko\/wp-json\/wp\/v2\/types\/product"}],"wp:featuredmedia":[{"embeddable":true,"href":"https:\/\/kardo.org\/ko\/wp-json\/wp\/v2\/media\/2112"}],"wp:attachment":[{"href":"https:\/\/kardo.org\/ko\/wp-json\/wp\/v2\/media?parent=2151"}],"wp:term":[{"taxonomy":"product_brand","embeddable":true,"href":"https:\/\/kardo.org\/ko\/wp-json\/wp\/v2\/product_brand?post=2151"},{"taxonomy":"product_cat","embeddable":true,"href":"https:\/\/kardo.org\/ko\/wp-json\/wp\/v2\/product_cat?post=2151"},{"taxonomy":"product_tag","embeddable":true,"href":"https:\/\/kardo.org\/ko\/wp-json\/wp\/v2\/product_tag?post=2151"}],"curies":[{"name":"wp","href":"https:\/\/api.w.org\/{rel}","templated":true}]}}