{"id":12048,"date":"2025-03-12T09:18:38","date_gmt":"2025-03-12T14:18:38","guid":{"rendered":"https:\/\/kardo.org\/?post_type=product&#038;p=12048"},"modified":"2026-02-11T11:30:43","modified_gmt":"2026-02-11T17:30:43","slug":"sabiduria-para-el-matrimonio-wisdom-for-marriage-for-women-workbook-spanish-translation","status":"publish","type":"product","link":"https:\/\/kardo.org\/ko\/product\/sabiduria-para-el-matrimonio-wisdom-for-marriage-for-women-workbook-spanish-translation\/","title":{"rendered":"Sabiduria para el Matrimonio (Wisdom for Marriage) for Women Workbook &#8211; Spanish Translation"},"content":{"rendered":"<div class=\"fusion-fullwidth fullwidth-box fusion-builder-row-1 fusion-flex-container nonhundred-percent-fullwidth non-hundred-percent-height-scrolling\" style=\"--awb-border-radius-top-left:0px;--awb-border-radius-top-right:0px;--awb-border-radius-bottom-right:0px;--awb-border-radius-bottom-left:0px;--awb-flex-wrap:wrap;\" ><div class=\"fusion-builder-row fusion-row fusion-flex-align-items-flex-start fusion-flex-content-wrap\" style=\"max-width:0;margin-left: calc(-4% \/ 2 );margin-right: calc(-4% \/ 2 );\"><div class=\"fusion-layout-column fusion_builder_column fusion-builder-column-0 fusion_builder_column_1_1 1_1 fusion-flex-column\" style=\"--awb-bg-blend:overlay;--awb-bg-size:cover;--awb-width-large:100%;--awb-margin-top-large:0px;--awb-spacing-right-large:1.92%;--awb-margin-bottom-large:0px;--awb-spacing-left-large:1.92%;--awb-width-medium:100%;--awb-spacing-right-medium:1.92%;--awb-spacing-left-medium:1.92%;--awb-width-small:100%;--awb-spacing-right-small:1.92%;--awb-spacing-left-small:1.92%;\"><div class=\"fusion-column-wrapper fusion-flex-justify-content-flex-start fusion-content-layout-column\"><\/div><\/div><div class=\"fusion-layout-column fusion_builder_column fusion-builder-column-1 fusion_builder_column_1_1 1_1 fusion-flex-column\" style=\"--awb-bg-blend:overlay;--awb-bg-size:cover;--awb-width-large:100%;--awb-margin-top-large:0px;--awb-spacing-right-large:1.92%;--awb-margin-bottom-large:0px;--awb-spacing-left-large:1.92%;--awb-width-medium:100%;--awb-spacing-right-medium:1.92%;--awb-spacing-left-medium:1.92%;--awb-width-small:100%;--awb-spacing-right-small:1.92%;--awb-spacing-left-small:1.92%;\"><div class=\"fusion-column-wrapper fusion-flex-justify-content-flex-start fusion-content-layout-column\"><\/div><\/div><\/div><\/div>","protected":false},"excerpt":{"rendered":"<p>NOVEDAD<\/p>\n<p>Toda relaci\u00f3n matrimonial tiene el potencial de crecer, no importa cu\u00e1nto tiempo lleves casado. Este estudio es una poderosa herramienta para ayudarte a profundizar en la Palabra de Dios y encontrar la gu\u00eda que necesitas para construir un matrimonio que dure toda la vida. Las experiencias personales de Denise hacen que este estudio sea pr\u00e1ctico e inspirador, d\u00e1ndole a cada mujer la oportunidad de trabajar en un matrimonio \u00abfeliz para siempre\u00bb.<\/p>\n<p>Usted obtendr\u00e1 ayuda con:<\/p>\n<p>Entender qu\u00e9 hace que el matrimonio funcione<\/p>\n<p>El matrimonio como pacto<\/p>\n<p>Aprender a luchar limpio<\/p>\n<p>El sexo como el superglue de tu matrimonio<\/p>\n<p>Este libro de Estudio B\u00edblico incluye acceso a los videos de ense\u00f1anza y a los recursos del l\u00edder para facilitar el estudio.<\/p>","protected":false},"featured_media":12049,"template":"","meta":{"_monsterinsights_skip_tracking":false,"_monsterinsights_sitenote_active":false,"_monsterinsights_sitenote_note":"","_monsterinsights_sitenote_category":0,"jetpack_post_was_ever_published":false},"product_brand":[],"product_cat":[129,17,26],"product_tag":[72,51],"class_list":{"0":"post-12048","1":"product","2":"type-product","3":"status-publish","4":"has-post-thumbnail","6":"product_cat-wisdom-for-marriage","7":"product_cat-translations","8":"product_cat-spanish","9":"product_tag-english","10":"product_tag-wisdom-for-mothers","12":"first","13":"instock","14":"shipping-taxable","15":"purchasable","16":"product-type-simple"},"aioseo_notices":[],"jetpack_sharing_enabled":true,"_links":{"self":[{"href":"https:\/\/kardo.org\/ko\/wp-json\/wp\/v2\/product\/12048","targetHints":{"allow":["GET"]}}],"collection":[{"href":"https:\/\/kardo.org\/ko\/wp-json\/wp\/v2\/product"}],"about":[{"href":"https:\/\/kardo.org\/ko\/wp-json\/wp\/v2\/types\/product"}],"wp:featuredmedia":[{"embeddable":true,"href":"https:\/\/kardo.org\/ko\/wp-json\/wp\/v2\/media\/12049"}],"wp:attachment":[{"href":"https:\/\/kardo.org\/ko\/wp-json\/wp\/v2\/media?parent=12048"}],"wp:term":[{"taxonomy":"product_brand","embeddable":true,"href":"https:\/\/kardo.org\/ko\/wp-json\/wp\/v2\/product_brand?post=12048"},{"taxonomy":"product_cat","embeddable":true,"href":"https:\/\/kardo.org\/ko\/wp-json\/wp\/v2\/product_cat?post=12048"},{"taxonomy":"product_tag","embeddable":true,"href":"https:\/\/kardo.org\/ko\/wp-json\/wp\/v2\/product_tag?post=12048"}],"curies":[{"name":"wp","href":"https:\/\/api.w.org\/{rel}","templated":true}]}}