{"id":3602,"date":"2017-02-21T12:23:57","date_gmt":"2017-02-21T18:23:57","guid":{"rendered":"http:\/\/kardo.org\/?post_type=product&#038;p=3602"},"modified":"2023-11-03T09:51:50","modified_gmt":"2023-11-03T14:51:50","slug":"wisdom-for-fathers-dvd-spanish","status":"publish","type":"product","link":"https:\/\/kardo.org\/id\/produk\/wisdom-for-fathers-dvd-spanish\/","title":{"rendered":"Wisdom for Fathers DVD: Sabiduria Para Padres"},"content":{"rendered":"<p>Un excelente recurso que te embarca\u00a0 en la Palabra de Dios para aprender a ser un hombre s\u00f3lido en Dios, un marido exitoso y un gran padre. Estudio de diez semanas que consiste en la oraci\u00f3n diaria y el tiempo devocional. El libro es una gu\u00eda devocional para ser utilizado 5 d\u00edas de clases diarias (10 a 15 minutos por d\u00eda) . El estudio est\u00e1 escrito para animarte a\u00a0 estudiarlo independientemente o en\u00a0 peque\u00f1os grupos de discusi\u00f3n a trav\u00e9s de un formato de pregunta y respuesta. El libro mejora tu tiempo en la Palabra de Dios, asi como, la\u00a0 aplicaci\u00f3n pr\u00e1ctica en tu vida diaria.<\/p>","protected":false},"excerpt":{"rendered":"<p>Un excelente recurso que te embarca\u00a0 en la Palabra de Dios para aprender a ser un hombre s\u00f3lido en Dios, un marido exitoso y un gran padre. Estudio de diez semanas que consiste en la oraci\u00f3n diaria y el tiempo devocional. El libro es una gu\u00eda devocional para ser utilizado 5 d\u00edas de clases diarias  [&#8230;]<\/p>\n","protected":false},"featured_media":2165,"template":"","meta":{"_monsterinsights_skip_tracking":false,"_monsterinsights_sitenote_active":false,"_monsterinsights_sitenote_note":"","_monsterinsights_sitenote_category":0,"jetpack_post_was_ever_published":false},"product_brand":[],"product_cat":[26,11],"product_tag":[],"class_list":{"0":"post-3602","1":"product","2":"type-product","3":"status-publish","4":"has-post-thumbnail","6":"product_cat-spanish","7":"product_cat-wisdom-for-fathers","9":"first","10":"instock","11":"sale","12":"shipping-taxable","13":"purchasable","14":"product-type-simple"},"aioseo_notices":[],"jetpack_sharing_enabled":true,"_links":{"self":[{"href":"https:\/\/kardo.org\/id\/wp-json\/wp\/v2\/product\/3602","targetHints":{"allow":["GET"]}}],"collection":[{"href":"https:\/\/kardo.org\/id\/wp-json\/wp\/v2\/product"}],"about":[{"href":"https:\/\/kardo.org\/id\/wp-json\/wp\/v2\/types\/product"}],"wp:featuredmedia":[{"embeddable":true,"href":"https:\/\/kardo.org\/id\/wp-json\/wp\/v2\/media\/2165"}],"wp:attachment":[{"href":"https:\/\/kardo.org\/id\/wp-json\/wp\/v2\/media?parent=3602"}],"wp:term":[{"taxonomy":"product_brand","embeddable":true,"href":"https:\/\/kardo.org\/id\/wp-json\/wp\/v2\/product_brand?post=3602"},{"taxonomy":"product_cat","embeddable":true,"href":"https:\/\/kardo.org\/id\/wp-json\/wp\/v2\/product_cat?post=3602"},{"taxonomy":"product_tag","embeddable":true,"href":"https:\/\/kardo.org\/id\/wp-json\/wp\/v2\/product_tag?post=3602"}],"curies":[{"name":"wp","href":"https:\/\/api.w.org\/{rel}","templated":true}]}}