{"id":2157,"date":"2016-02-11T20:56:48","date_gmt":"2016-02-12T02:56:48","guid":{"rendered":"http:\/\/173.254.28.170\/~kardoorg\/?post_type=product&#038;p=2157"},"modified":"2026-01-09T13:39:00","modified_gmt":"2026-01-09T19:39:00","slug":"restaura-mi-corazon-leader-guide-spanish","status":"publish","type":"product","link":"https:\/\/kardo.org\/id\/produk\/restaura-mi-corazon-leader-guide-spanish\/","title":{"rendered":"Restore My Heart Leaders Guide (Spanish): Restaura Mi Coraz\u00f3n gu\u00eda para l\u00edderes"},"content":{"rendered":"<div class=\"fusion-fullwidth fullwidth-box fusion-builder-row-1 fusion-flex-container nonhundred-percent-fullwidth non-hundred-percent-height-scrolling\" style=\"--awb-border-radius-top-left:0px;--awb-border-radius-top-right:0px;--awb-border-radius-bottom-right:0px;--awb-border-radius-bottom-left:0px;--awb-flex-wrap:wrap;\" ><div class=\"fusion-builder-row fusion-row fusion-flex-align-items-flex-start fusion-flex-content-wrap\" style=\"max-width:0;margin-left: calc(-4% \/ 2 );margin-right: calc(-4% \/ 2 );\"><div class=\"fusion-layout-column fusion_builder_column fusion-builder-column-0 fusion_builder_column_1_1 1_1 fusion-flex-column\" style=\"--awb-bg-size:cover;--awb-width-large:100%;--awb-margin-top-large:0px;--awb-spacing-right-large:1.92%;--awb-margin-bottom-large:0px;--awb-spacing-left-large:1.92%;--awb-width-medium:100%;--awb-spacing-right-medium:1.92%;--awb-spacing-left-medium:1.92%;--awb-width-small:100%;--awb-spacing-right-small:1.92%;--awb-spacing-left-small:1.92%;\"><div class=\"fusion-column-wrapper fusion-flex-justify-content-flex-start fusion-content-layout-column\"><div class=\"fusion-text fusion-text-1\"><p>Este es un excelente recurso para las l\u00edderes. Proporciona a la l\u00edder con informaci\u00f3n \u00fatil sobre la forma de planificar, organizar y dirigir un grupo de estudio b\u00edblico de Restaura Mi Coraz\u00f3n.<\/p>\n<\/div><\/div><\/div><\/div><\/div>","protected":false},"excerpt":{"rendered":"<p>[:es]<\/p>\n<h2>Este es un excelente recurso para las l\u00edderes. Proporciona a la l\u00edder con informaci\u00f3n \u00fatil sobre la forma de planificar, organizar y dirigir un grupo de estudio b\u00edblico de Restaura Mi Coraz\u00f3n.<\/h2>\n<p>[:]<\/p>\n","protected":false},"featured_media":12584,"template":"","meta":{"_monsterinsights_skip_tracking":false,"_monsterinsights_sitenote_active":false,"_monsterinsights_sitenote_note":"","_monsterinsights_sitenote_category":0,"jetpack_post_was_ever_published":false},"product_brand":[],"product_cat":[26,15],"product_tag":[55,59],"class_list":{"0":"post-2157","1":"product","2":"type-product","3":"status-publish","4":"has-post-thumbnail","6":"product_cat-spanish","7":"product_cat-restore-my-heart","8":"product_tag-restore-my-heart","9":"product_tag-spanish","11":"first","12":"instock","13":"shipping-taxable","14":"purchasable","15":"product-type-simple"},"aioseo_notices":[],"jetpack_sharing_enabled":true,"_links":{"self":[{"href":"https:\/\/kardo.org\/id\/wp-json\/wp\/v2\/product\/2157","targetHints":{"allow":["GET"]}}],"collection":[{"href":"https:\/\/kardo.org\/id\/wp-json\/wp\/v2\/product"}],"about":[{"href":"https:\/\/kardo.org\/id\/wp-json\/wp\/v2\/types\/product"}],"wp:featuredmedia":[{"embeddable":true,"href":"https:\/\/kardo.org\/id\/wp-json\/wp\/v2\/media\/12584"}],"wp:attachment":[{"href":"https:\/\/kardo.org\/id\/wp-json\/wp\/v2\/media?parent=2157"}],"wp:term":[{"taxonomy":"product_brand","embeddable":true,"href":"https:\/\/kardo.org\/id\/wp-json\/wp\/v2\/product_brand?post=2157"},{"taxonomy":"product_cat","embeddable":true,"href":"https:\/\/kardo.org\/id\/wp-json\/wp\/v2\/product_cat?post=2157"},{"taxonomy":"product_tag","embeddable":true,"href":"https:\/\/kardo.org\/id\/wp-json\/wp\/v2\/product_tag?post=2157"}],"curies":[{"name":"wp","href":"https:\/\/api.w.org\/{rel}","templated":true}]}}