{"id":2149,"date":"2016-02-11T20:29:14","date_gmt":"2016-02-12T02:29:14","guid":{"rendered":"http:\/\/173.254.28.170\/~kardoorg\/?post_type=product&#038;p=2149"},"modified":"2022-08-03T14:59:55","modified_gmt":"2022-08-03T19:59:55","slug":"sabiduria-para-madres-workbook-spanish","status":"publish","type":"product","link":"https:\/\/kardo.org\/id\/produk\/sabiduria-para-madres-workbook-spanish\/","title":{"rendered":"Wisdom for Mothers (Spanish) Sabidur\u00eda para Madres"},"content":{"rendered":"<p>Es un estudio de diez semanas que te ayudar\u00e1n a encontrar respuestas b\u00edblicas a preguntas importantes acerca de tu matrimonio, cuidado de los hijos y tus prioridades. Adem\u00e1s del estudio b\u00edblico aprender\u00e1s a mejorar tus habilidades maternas y encontrar\u00e1s Consejo pr\u00e1ctico para mam\u00e1 dise\u00f1ado para las mam\u00e1s de todas las edades al finalizar cada lecci\u00f3n, basado en Proverbios 31 grandioso estudio para madres de hijos peque\u00f1os. Este es un excelente recurso para l\u00edderes. Proporciona a la l\u00edder de informaci\u00f3n \u00fatil sobre la forma de planificar, organizar y dirigir un grupo de estudio de la Biblia con el libro de estudio. Nota: Puedes comprar esta Gu\u00eda del L\u00edder individual o como parte del paquete de muestra.<\/p>","protected":false},"excerpt":{"rendered":"<p>Es un estudio de diez semanas que te ayudar\u00e1n a encontrar respuestas b\u00edblicas a preguntas importantes acerca de tu matrimonio, cuidado de los hijos y tus prioridades. Adem\u00e1s del estudio b\u00edblico aprender\u00e1s a mejorar tus habilidades maternas y encontrar\u00e1s Consejo pr\u00e1ctico para mam\u00e1 dise\u00f1ado para las mam\u00e1s de todas las edades al finalizar cada lecci\u00f3n,  [&#8230;]<\/p>\n","protected":false},"featured_media":2112,"template":"","meta":{"_monsterinsights_skip_tracking":false,"_monsterinsights_sitenote_active":false,"_monsterinsights_sitenote_note":"","_monsterinsights_sitenote_category":0,"jetpack_post_was_ever_published":false},"product_brand":[],"product_cat":[26,10],"product_tag":[59,51],"class_list":{"0":"post-2149","1":"product","2":"type-product","3":"status-publish","4":"has-post-thumbnail","6":"product_cat-spanish","7":"product_cat-wisdom-for-mothers","8":"product_tag-spanish","9":"product_tag-wisdom-for-mothers","11":"first","12":"instock","13":"shipping-taxable","14":"purchasable","15":"product-type-simple"},"aioseo_notices":[],"jetpack_sharing_enabled":true,"_links":{"self":[{"href":"https:\/\/kardo.org\/id\/wp-json\/wp\/v2\/product\/2149","targetHints":{"allow":["GET"]}}],"collection":[{"href":"https:\/\/kardo.org\/id\/wp-json\/wp\/v2\/product"}],"about":[{"href":"https:\/\/kardo.org\/id\/wp-json\/wp\/v2\/types\/product"}],"wp:featuredmedia":[{"embeddable":true,"href":"https:\/\/kardo.org\/id\/wp-json\/wp\/v2\/media\/2112"}],"wp:attachment":[{"href":"https:\/\/kardo.org\/id\/wp-json\/wp\/v2\/media?parent=2149"}],"wp:term":[{"taxonomy":"product_brand","embeddable":true,"href":"https:\/\/kardo.org\/id\/wp-json\/wp\/v2\/product_brand?post=2149"},{"taxonomy":"product_cat","embeddable":true,"href":"https:\/\/kardo.org\/id\/wp-json\/wp\/v2\/product_cat?post=2149"},{"taxonomy":"product_tag","embeddable":true,"href":"https:\/\/kardo.org\/id\/wp-json\/wp\/v2\/product_tag?post=2149"}],"curies":[{"name":"wp","href":"https:\/\/api.w.org\/{rel}","templated":true}]}}