{"id":2162,"date":"2016-02-11T21:05:06","date_gmt":"2016-02-12T03:05:06","guid":{"rendered":"http:\/\/173.254.28.170\/~kardoorg\/?post_type=product&#038;p=2162"},"modified":"2021-07-03T14:37:49","modified_gmt":"2021-07-03T19:37:49","slug":"libertad-para-padres-workbook-spanish","status":"publish","type":"product","link":"https:\/\/kardo.org\/fr\/produit\/libertad-para-padres-workbook-spanish\/","title":{"rendered":"Freedom for Fathers (Spanish): Libertad para Padres Workbook"},"content":{"rendered":"<h2>Freedom for Fathers, Spanish<\/h2>\n<p>Tu familia espera de ti el liderazgo espiritual, provision para las necesidades f\u00edsicas y apoya emocional. Como puedes hacer esto? Sabes que no puedes dar lo que no tienes. Ad\u00f3nde debe ir un hombre para satisfacer las necesidades de su familia? Comenzamos nuestra b\u00fasqueda en Juan 15.<\/p>\n<p>&nbsp;<\/p>\n<p>&nbsp;<\/p>","protected":false},"excerpt":{"rendered":"<h2><\/h2>\n<p>&nbsp;<\/p>","protected":false},"featured_media":2163,"template":"","meta":{"_monsterinsights_skip_tracking":false,"_monsterinsights_sitenote_active":false,"_monsterinsights_sitenote_note":"","_monsterinsights_sitenote_category":0,"jetpack_post_was_ever_published":false},"product_brand":[],"product_cat":[26,14],"product_tag":[53,59],"class_list":{"0":"post-2162","1":"product","2":"type-product","3":"status-publish","4":"has-post-thumbnail","6":"product_cat-spanish","7":"product_cat-freedom-for-fathers","8":"product_tag-freedom-for-fathers","9":"product_tag-spanish","11":"first","12":"instock","13":"shipping-taxable","14":"purchasable","15":"product-type-simple"},"aioseo_notices":[],"jetpack_sharing_enabled":true,"_links":{"self":[{"href":"https:\/\/kardo.org\/fr\/wp-json\/wp\/v2\/product\/2162","targetHints":{"allow":["GET"]}}],"collection":[{"href":"https:\/\/kardo.org\/fr\/wp-json\/wp\/v2\/product"}],"about":[{"href":"https:\/\/kardo.org\/fr\/wp-json\/wp\/v2\/types\/product"}],"wp:featuredmedia":[{"embeddable":true,"href":"https:\/\/kardo.org\/fr\/wp-json\/wp\/v2\/media\/2163"}],"wp:attachment":[{"href":"https:\/\/kardo.org\/fr\/wp-json\/wp\/v2\/media?parent=2162"}],"wp:term":[{"taxonomy":"product_brand","embeddable":true,"href":"https:\/\/kardo.org\/fr\/wp-json\/wp\/v2\/product_brand?post=2162"},{"taxonomy":"product_cat","embeddable":true,"href":"https:\/\/kardo.org\/fr\/wp-json\/wp\/v2\/product_cat?post=2162"},{"taxonomy":"product_tag","embeddable":true,"href":"https:\/\/kardo.org\/fr\/wp-json\/wp\/v2\/product_tag?post=2162"}],"curies":[{"name":"wp","href":"https:\/\/api.w.org\/{rel}","templated":true}]}}