{"id":8151,"date":"2020-09-24T12:35:59","date_gmt":"2020-09-24T17:35:59","guid":{"rendered":"http:\/\/kardo.org\/?page_id=8151"},"modified":"2024-06-04T16:36:15","modified_gmt":"2024-06-04T21:36:15","slug":"bible-studies","status":"publish","type":"page","link":"https:\/\/kardo.org\/fr\/bible-studies\/","title":{"rendered":"\u00c9tudes Biblique"},"content":{"rendered":"<h3>\n\t\tKardo Ministries\n\t<\/h3>\n<h1>\n\t\t\u00c9tudes Biblique\n\t<\/h1>\n\t<p>Kardo&#8217;s mission statement is to embrace, educate and encourage families and individuals around the world with God&#8217;s truth and love.<\/p>\n<p>We do that primarily through our 10 Bible studies that feature in-depth Scripture study, discussion questions and prayer.<\/p>\n\t\t\t\t<a href=\"http:\/\/kardo.org\/fr\/bible-studies-for-her\/\" target=\"_self\" itemprop=\"url\" rel=\"noopener\">\n\t\t\t\t<img data-recalc-dims=\"1\" decoding=\"async\" src=\"https:\/\/i0.wp.com\/kardo.org\/wp-content\/uploads\/2020\/09\/group-of-women2.jpg?w=1200\" alt=\"group of women2\" itemprop=\"image\" title=\"group of women2\" onerror=\"this.style.display='none'\"  \/>\n\t\t\t\t<\/a>\n<h3>\n\t\t<a href=\"https:\/\/kardo.org\/fr\/bible-studies-for-her\/\" title=\"\u00c9tude biblique pour les femmes\" target=\"_self\" rel=\"noopener\">\n\t\t\u00c9tude biblique pour les femmes\n\t\t<\/a>\n\t<\/h3>\n\t\t\t\t<img data-recalc-dims=\"1\" decoding=\"async\" src=\"https:\/\/i0.wp.com\/kardo.org\/wp-content\/uploads\/2015\/12\/mainnav-motherwise-purple-hover.jpg?w=1200\" alt=\"mainnav-motherwise-purple-hover\" itemprop=\"image\" title=\"mainnav-motherwise-purple-hover\" onerror=\"this.style.display='none'\"  \/>\n\t<ul>\n<li>\n<h2 data-fontsize=\"19\" data-lineheight=\"26.98px\">Sagesse pour les m\u00e8res<\/h2>\n<\/li>\n<li>\n<h2 data-fontsize=\"19\" data-lineheight=\"26.98px\">Libert\u00e9 pour les m\u00e8res<\/h2>\n<\/li>\n<li>\n<h2 data-fontsize=\"19\" data-lineheight=\"26.98px\">Restore My Heart<\/h2>\n<\/li>\n<li>\n<h2 data-fontsize=\"19\" data-lineheight=\"26.98px\">Fan the Flame<\/h2>\n<\/li>\n<li>\n<h2 data-fontsize=\"19\" data-lineheight=\"26.98px\">Keeping the Secrets of Jesus<\/h2>\n<\/li>\n<li>\n<h2 data-fontsize=\"19\" data-lineheight=\"26.98px\">Winter Season for Women<\/h2>\n<\/li>\n<li>\n<h2>Wisdom for Marriage for Women<\/h2>\n<\/li>\n<\/ul>\n\t\t\t<a href=\"https:\/\/kardo.org\/fr\/bible-studies-for-her\/\" target=\"_self\" role=\"button\" rel=\"noopener\">\n\t\t\t\t\t\t\t\u00c9tude biblique pour les femmes\n\t\t\t\t\t<\/a>\n\t\t\t\t<img data-recalc-dims=\"1\" decoding=\"async\" src=\"https:\/\/i0.wp.com\/kardo.org\/wp-content\/uploads\/2020\/09\/group-of-men.jpg?w=1200\" alt=\"group of men\" itemprop=\"image\" title=\"group of men\" onerror=\"this.style.display='none'\"  \/>\n<h3>\n\t\t<a href=\"https:\/\/kardo.org\/fr\/bible-studies-for-him\/\" title=\"\u00c9tude biblique pour les hommes\" target=\"_self\" rel=\"noopener\">\n\t\t\u00c9tude biblique pour les hommes\n\t\t<\/a>\n\t<\/h3>\n\t\t\t\t<img data-recalc-dims=\"1\" decoding=\"async\" src=\"https:\/\/i0.wp.com\/kardo.org\/wp-content\/uploads\/2015\/12\/mainnav-fatherwise-blue.jpg?w=1200\" alt=\"mainnav-fatherwise-blue\" itemprop=\"image\" title=\"mainnav-fatherwise-blue\" onerror=\"this.style.display='none'\"  \/>\n\t<ul>\n<li>\n<h2>Sagesse pour les p\u00e8res<\/h2>\n<\/li>\n<li>\n<h2>Wisdom for Men<\/h2>\n<\/li>\n<li>\n<h2>Libert\u00e9 pour les p\u00e8res<\/h2>\n<\/li>\n<li>\n<h2>Keeping the Secrets of Jesus<\/h2>\n<\/li>\n<li>\n<h2>Winter Season for Men<\/h2>\n<\/li>\n<li>\n<h2>Wisdom for Marriage for Men<\/h2>\n<\/li>\n\n<\/ul>\n<p>&nbsp;<\/p>\n\t\t\t<a href=\"https:\/\/kardo.org\/fr\/bible-studies-for-him\/\" target=\"_self\" role=\"button\" rel=\"noopener\">\n\t\t\t\t\t\t\t\u00c9tude biblique pour les hommes\n\t\t\t\t\t<\/a>\n<h1>\n\t\tStatement of Faith\n\t<\/h1>\n\t<p>Nous croyons que la Bible est la Parole de Dieu inspire. Nous croyons en un seul vrai Dieu : Dieu le P\u00e8re, Dieu le Fils et Dieu le Saint Esprit. Nous croyons que J\u00e9sus est mort pour nos p\u00e9ch\u00e9s et qu\u2019il est ressuscit\u00e9 des morts et qu\u2019il reviendra un jour sur terre. Nous croyons que, par notre foi en J\u00e9sus-Christ, nous sommes sauv\u00e9s et que le Saint-Esprit vit en nous.<\/p>\n<p>MotherWise est un minist\u00e8re chr\u00e9tien et bas\u00e9 sur les Ecritures, mais n\u2019est pas directement affili\u00e9 \u00e0 une \u00e9glise ou \u00e0 une d\u00e9nomination.<\/p>\n\t\t\t\t<img data-recalc-dims=\"1\" decoding=\"async\" src=\"https:\/\/i0.wp.com\/kardo.org\/wp-content\/uploads\/2020\/07\/new-logo_symbols-only-400x400.jpg?resize=400%2C400&#038;ssl=1\" alt=\"new logo_symbols only\" itemprop=\"image\" height=\"400\" width=\"400\" title=\"new logo_symbols only\" onerror=\"this.style.display='none'\"  \/>\n<h1>\n\t\tMission\n\t<\/h1>\n\t<p>Kardo Ministries, is a global community of believers with a heart commitment to witness the restoration and strengthening of both the nuclear family and the family of God. Our Mission is to embrace, educate and encourage families and individuals around the world with God&#8217;s truth and love.<\/p>\n\t\t\t\t<img data-recalc-dims=\"1\" decoding=\"async\" src=\"https:\/\/i0.wp.com\/kardo.org\/wp-content\/uploads\/2020\/10\/mom2.jpg?w=1200\" alt=\"mom2\" itemprop=\"image\" title=\"mom2\" onerror=\"this.style.display='none'\"  \/>\n<h1>\n\t\tDenise Glenn\n\t<\/h1>\n\t<p>Denise Glenn est une m\u00e8re, grand-m\u00e8re, auteure, oratrice exp\u00e9riment\u00e9e et appr\u00e9ci\u00e9e, et co-fondatrice de Kardo International Ministries (Minist\u00e8re Kardo International). Son mari David et elle-m\u00eame sont actuellement pr\u00e9sident et vice-pr\u00e9sident du Minist\u00e8re Kardo, un minist\u00e8re de discipolat international \u00e0 but non-lucratif. Denise a d\u00e9but\u00e9 le minist\u00e8re MotherWise en 1981 lorsqu\u2019elle avait trois enfants en \u00e2ge pr\u00e9scolaire.<\/p>\n\t\t\t\t<img data-recalc-dims=\"1\" decoding=\"async\" src=\"https:\/\/i0.wp.com\/kardo.org\/wp-content\/uploads\/2020\/10\/dad2.jpg?w=1200\" alt=\"dad2\" itemprop=\"image\" title=\"dad2\" onerror=\"this.style.display='none'\"  \/>\n<h1>\n\t\tDavid Glenn\n\t<\/h1>\n\t<p>David Glenn is a retired petroleum geophysicist and co-founder of Kardo International Ministries, the non-profit organization that oversees MotherWise and FatherWise Ministries. He shares from his own struggles and experiences in the &#8220;trenches&#8221; to encourage men to &#8220;know the Truth that will set them free.&#8221; David&#8217;s heart is to disciple men to be empowered by the Word and the Spirit to reach their highest calling as godly men.<\/p>","protected":false},"excerpt":{"rendered":"<p>Kardo Ministries Bible Studies Kardo&#8217;s mission statement is to embrace, educate and encourage families and individuals around the world with God&#8217;s truth and love. We do that primarily through our 10 Bible studies that feature in-depth Scripture study, discussion questions and prayer. Bible Studies for Her Wisdom for Mothers Freedom for Mothers Restore My Heart  [&#8230;]<\/p>\n","protected":false},"author":8,"featured_media":0,"parent":0,"menu_order":0,"comment_status":"closed","ping_status":"closed","template":"","meta":{"_monsterinsights_skip_tracking":false,"_monsterinsights_sitenote_active":false,"_monsterinsights_sitenote_note":"","_monsterinsights_sitenote_category":0,"jetpack_post_was_ever_published":false,"footnotes":""},"class_list":["post-8151","page","type-page","status-publish","hentry"],"aioseo_notices":[],"jetpack_sharing_enabled":true,"jetpack_shortlink":"https:\/\/wp.me\/P8kc0W-27t","_links":{"self":[{"href":"https:\/\/kardo.org\/fr\/wp-json\/wp\/v2\/pages\/8151","targetHints":{"allow":["GET"]}}],"collection":[{"href":"https:\/\/kardo.org\/fr\/wp-json\/wp\/v2\/pages"}],"about":[{"href":"https:\/\/kardo.org\/fr\/wp-json\/wp\/v2\/types\/page"}],"author":[{"embeddable":true,"href":"https:\/\/kardo.org\/fr\/wp-json\/wp\/v2\/users\/8"}],"replies":[{"embeddable":true,"href":"https:\/\/kardo.org\/fr\/wp-json\/wp\/v2\/comments?post=8151"}],"version-history":[{"count":5,"href":"https:\/\/kardo.org\/fr\/wp-json\/wp\/v2\/pages\/8151\/revisions"}],"predecessor-version":[{"id":11439,"href":"https:\/\/kardo.org\/fr\/wp-json\/wp\/v2\/pages\/8151\/revisions\/11439"}],"wp:attachment":[{"href":"https:\/\/kardo.org\/fr\/wp-json\/wp\/v2\/media?parent=8151"}],"curies":[{"name":"wp","href":"https:\/\/api.w.org\/{rel}","templated":true}]}}