{"id":8097,"date":"2020-03-23T09:57:05","date_gmt":"2020-03-23T14:57:05","guid":{"rendered":"http:\/\/kardo.org\/?page_id=8097"},"modified":"2022-02-01T16:09:07","modified_gmt":"2022-02-01T22:09:07","slug":"motherwise","status":"publish","type":"page","link":"https:\/\/kardo.org\/fr\/who-we-are\/motherwise\/","title":{"rendered":"MotherWise"},"content":{"rendered":"<img data-recalc-dims=\"1\" decoding=\"async\" src=\"https:\/\/i0.wp.com\/kardo.org\/wp-content\/plugins\/bb-plugin\/img\/pixel.png?w=1200&#038;ssl=1\" alt=\"\" itemprop=\"image\" onerror=\"this.style.display='none'\"  \/>\n\t\t\t\t<img data-recalc-dims=\"1\" decoding=\"async\" src=\"https:\/\/i0.wp.com\/kardo.org\/wp-content\/uploads\/2021\/05\/Newest.motherwise_logo_newtagline_copy2-800x421-1-e1621617512940.jpg?resize=273%2C155&#038;ssl=1\" alt=\"logo_FINAL_fourcolor\" itemprop=\"image\" height=\"155\" width=\"273\" title=\"logo_FINAL_fourcolor\" onerror=\"this.style.display='none'\"  \/>\n\t<p>MotherWise is Kardo&#8217;s ministry to women, offering Bible studies and leadership training to help women strengthen their marriages, improve their parenting and grow in their faith by studying God&#8217;s Word.<\/p>\n\t\t\t<a href=\"https:\/\/kardo.org\/fr\/bible-studies\/bible-studies-for-her\/\" target=\"_self\" role=\"button\" rel=\"noopener\">\n\t\t\t\t\t\t\tSearch for Bible Studies for Women\n\t\t\t\t\t<\/a>\n\t\t\t<a href=\"https:\/\/kardo.org\/fr\/leadership-materials\/\" target=\"_self\" role=\"button\" rel=\"noopener\">\n\t\t\t\t\t\t\tFind Leadership Materials for Women\n\t\t\t\t\t<\/a>\n\t\t\t<a href=\"https:\/\/kardo.org\/fr\/bible-studies\/how-to-start-a-bible-study-group\/\" target=\"_self\" role=\"button\" rel=\"noopener\">\n\t\t\t\t\t\t\tLearn How to Start a Bible Study Group\n\t\t\t\t\t<\/a>\n\t\t\t<a href=\"https:\/\/kardo.org\/fr\/who-we-are\/\" target=\"_self\" role=\"button\" rel=\"noopener\">\n\t\t\t\t\t\t\tQui Nous Sommes\n\t\t\t\t\t<\/a>\n\t<p>MotherWise International<\/p>\n<p>En 1981, Denise Glenn n\u2019imaginait pas le moins du monde que Dieu utiliserait l\u2019\u00e9tude biblique qu\u2019elle commen\u00e7a \u00e0 enseigner \u00e0 cinq femmes en la propageant dans le monde entier. Mais aujourd\u2019hui, c\u2019est bien ce qu\u2019il est en train de faire ! Depuis l\u2019an 2000, quand le r\u00e9seau de pri\u00e8re de MotherWise a commenc\u00e9 \u00e0 prier que les nations du monde puissent conna\u00eetre Christ, Dieu a ouvert largement des portes de possibilit\u00e9s permettant \u00e0 ce minist\u00e8re d\u2019atteindre bon nombre de ces nations.<\/p>\n<p>Pendant que Dieu commen\u00e7ait \u00e0 ouvrir des portes aux minist\u00e8res MotherWise et FatherWise , David et Denise Glenn, les fondateurs, ont pris conscience qu\u2019il leur fallait cr\u00e9er une association fa\u00eeti\u00e8re qui allait inclure MotherWise, FatherWise, le r\u00e9seau de pri\u00e8re et tout ce que Dieu continuerait de mettre en place.\n\nC\u2019est en ce sens que le Minist\u00e8re Kardo, dont le nom anglophone est Kardo International Ministries, a \u00e9t\u00e9 fond\u00e9 en tant qu\u2019association non lucrative (501 (3) C non-profit organization). En agissant comme lui seul sait le faire, Dieu a pourvu aux personnes et aux ressources financi\u00e8res pour des traductions en espagnol, mandarin (traditionnel et simplifi\u00e9), allemand, russe, cor\u00e9en, mongolien, telugu (langue indienne), kiswahili, vietnamien, tagalog (langue des Philippines), polonais, roumain, fran\u00e7ais, arabe, kirghize et indon\u00e9sien en plus de leur version originale en anglais.<\/p>\n<p>Dieu nous a \u00e9galement montr\u00e9 de nombreux pays pouvant utiliser soit la version anglaise soit des traductions autres que leur langue nationale, ceci en raison de l\u2019occupation de leur pays par d\u2019autres nations. C\u2019est ainsi par exemple que la traduction russe peut \u00eatre utilis\u00e9e en Ukraine parce que le russe y \u00e9tait enseign\u00e9 dans les \u00e9coles durant l\u2019occupation russe, et l\u2019anglais peut \u00eatre utilis\u00e9 au Kenya en raison de leur h\u00e9ritage culturel britannique.<\/p>\n\t\t\t<a href=\"http:\/\/kardo.org\/wp-content\/uploads\/2022\/02\/Core_Values_edited_Jan-13-1.doc\" target=\"_self\" role=\"button\" rel=\"noopener\">\n\t\t\t\t\t\t\tRead Kardo&#8217;s Core Values\n\t\t\t\t\t<\/a>","protected":false},"excerpt":{"rendered":"<p>MotherWise is Kardo&#8217;s ministry to women, offering Bible studies and leadership training to help women strengthen their marriages, improve their parenting and grow in their faith by studying God&#8217;s Word. Search for Bible Studies for Women Find Leadership Materials for Women Learn How to Start a Bible Study Group Discover Who We Are MotherWise International  [&#8230;]<\/p>\n","protected":false},"author":8,"featured_media":0,"parent":8087,"menu_order":0,"comment_status":"closed","ping_status":"closed","template":"","meta":{"_monsterinsights_skip_tracking":false,"_monsterinsights_sitenote_active":false,"_monsterinsights_sitenote_note":"","_monsterinsights_sitenote_category":0,"jetpack_post_was_ever_published":false,"footnotes":""},"class_list":["post-8097","page","type-page","status-publish","hentry"],"aioseo_notices":[],"jetpack_sharing_enabled":true,"jetpack_shortlink":"https:\/\/wp.me\/P8kc0W-26B","_links":{"self":[{"href":"https:\/\/kardo.org\/fr\/wp-json\/wp\/v2\/pages\/8097","targetHints":{"allow":["GET"]}}],"collection":[{"href":"https:\/\/kardo.org\/fr\/wp-json\/wp\/v2\/pages"}],"about":[{"href":"https:\/\/kardo.org\/fr\/wp-json\/wp\/v2\/types\/page"}],"author":[{"embeddable":true,"href":"https:\/\/kardo.org\/fr\/wp-json\/wp\/v2\/users\/8"}],"replies":[{"embeddable":true,"href":"https:\/\/kardo.org\/fr\/wp-json\/wp\/v2\/comments?post=8097"}],"version-history":[{"count":5,"href":"https:\/\/kardo.org\/fr\/wp-json\/wp\/v2\/pages\/8097\/revisions"}],"predecessor-version":[{"id":9584,"href":"https:\/\/kardo.org\/fr\/wp-json\/wp\/v2\/pages\/8097\/revisions\/9584"}],"up":[{"embeddable":true,"href":"https:\/\/kardo.org\/fr\/wp-json\/wp\/v2\/pages\/8087"}],"wp:attachment":[{"href":"https:\/\/kardo.org\/fr\/wp-json\/wp\/v2\/media?parent=8097"}],"curies":[{"name":"wp","href":"https:\/\/api.w.org\/{rel}","templated":true}]}}