{"id":8087,"date":"2020-07-11T22:25:00","date_gmt":"2020-07-12T03:25:00","guid":{"rendered":"http:\/\/kardo.org\/?page_id=8087"},"modified":"2022-02-01T16:01:23","modified_gmt":"2022-02-01T22:01:23","slug":"who-we-are","status":"publish","type":"page","link":"https:\/\/kardo.org\/fr\/who-we-are\/","title":{"rendered":"Qui Nous Sommes"},"content":{"rendered":"<iframe src=\"https:\/\/player.vimeo.com\/video\/407694400?badge=0&amp;autopause=0&amp;player_id=0&amp;app_id=58479\" width=\"1920\" height=\"1080\" frameborder=\"0\" allow=\"autoplay; fullscreen; picture-in-picture\" allowfullscreen title=\"Qui Nous Sommes\"><\/iframe>\n\t<p>Kardo Ministries founders David and Denise Glenn share their story of how this ministry began.<\/p>\n<h1>\n\t\tDavid et Denise Glenn, fondateurs de Kardo Ministries\n\t<\/h1>\n\t<p>David and Denise Glenn are the founders of Kardo Ministries and the authors of the Kardo Bible study materials. The ministry first began in 1981 when Denise began a small Bible study group with other young mothers to study God&#8217;s Word about marriage and parenting. Following her pastor&#8217;s request, she wrote down what she was learning and shared it with other mothers.; and the Super Mom ministry was born, with a name change years later to MotherWise.<\/p>\n<p>Nearly 20 years later while David was still working as a petroleum geophysicist, he wrote companion Bible studies for men; and FatherWise was launched as a ministry to men in the same way MotherWise was a ministry to women. Shortly after FatherWise was formed, David&#8217;s job took the Glenns to Jakarta, Indonesia for two years and then later to Perth, Australia for another four years.<\/p>\n<p>While living in these two countries, God opened doors for the Glenns to share the Bible studies to an international audience. It was during those years overseas that God gave a new vision for presenting the Bible studies in the language of the people studying them. Kardo was formed during this time as an &#8220;umbrella&#8221; nonprofit ministry to print and translate both Motherwise and FatherWise current and future materials, build leadership teams, support various groups across the globe and enable the Glenns to travel and teach at conferences. Kardo now offers 11 Bible studies with translations in 21 languages, including Korean, Spanish, Russian and Mandarin.<\/p>\n<p>Depuis, David a pris sa retraite de l'industrie p\u00e9troli\u00e8re, et lui et Denise vivent \u00e0 Houston, au Texas, o\u00f9 ils consacrent leur temps \u00e0 servir et \u00e0 diriger Kardo Ministries, \u00e0 voyager dans le monde entier pour parler dans des \u00e9glises et mener des conf\u00e9rences, et \u00e0 passer du temps avec leur famille.<\/p>\n\t\t\t\t<img data-recalc-dims=\"1\" decoding=\"async\" src=\"https:\/\/i0.wp.com\/kardo.org\/wp-content\/uploads\/2020\/07\/new-logo_symbols-only.jpg?w=1200\" alt=\"new logo_symbols only\" itemprop=\"image\" title=\"new logo_symbols only\" onerror=\"this.style.display='none'\"  \/>\n\t<h1>Why &#8220;Kardo?&#8221;<\/h1>\n<p>The word Kardo evolves from the Greek word &#8220;cardia&#8221; meaning &#8220;of the heart.&#8221; The &#8220;cardo&#8221; was the center of ancient cities in Israel, the cross roads, where people came to worship, to learn new skills and to obtain the materials they needed for life back at home. This is exactly what we do at Kardo. People come together for worship and to be resourced in their faith-walk and family life. We changed the &#8220;c&#8221; of the Greek word to a K because K is a universal letter in most languages. Our ministry reaches across the globe to provide resources in the heart languages of those seeking to deepen their faith, strengthen their family, and take the gospel to the nations. Thus Kardo became the perfect name to describe our mission.<\/p>\n\t\t\t\t<img data-recalc-dims=\"1\" decoding=\"async\" src=\"https:\/\/i0.wp.com\/kardo.org\/wp-content\/plugins\/bb-plugin\/img\/pixel.png?w=1200&#038;ssl=1\" alt=\"\" itemprop=\"image\" onerror=\"this.style.display='none'\"  \/>\n\t<h2>La vision unique et future du minist\u00e8re Kardo<\/h2>\nGod has called Kardo Ministries to reach a unique group of people. He has called us to reach those who want in-depth Bible study requiring total commitment to Christ in the areas of faith and family. Kardo is called to deliver this message not only in the English language but also in the mother-tongue of many nations. Our ministry is designed to reach around the world with trusted biblical materials translated with excellence. Through the process of translation, we are able to express not only words but also to make the cultural adjustments necessary for complete understanding of the biblical principles and practical applications. We edit our materials using local and professional believers, pilot these studies in Bible-believing churches under a pastor&#8217;s leadership, re-edit to incorporate the changes and additions, then print and distribute using our own channels among local believers. It is a painstaking process, often requiring several years to complete a single translation. Through the 21 current translations, Kardo has been able to send the gospel message into thousands of homes worldwide.\n<h1>\n\t\tOur Mission: Strengthening Families\n\t<\/h1>\n\t<h4>Kardo Ministries is all about hearts surrendered to Jesus and lives transformed by His love, His truth and His power. The mission of Kardo is to equip, educate, embrace and encourage families and individuals around the world with God&#8217;s truth and love. We minister to families from all evangelical, Bible-believing, Christ-centered denominations.<\/h4>\n<h4>We do that through Bible study materials, including workbooks and videos created to lead you deep into God&#8217;s Word for the answers you seek about faith and family. You&#8217;ll get help on the important relationships in your life, including marriage and parenting. Kardo Bible studies, written by David and Denise Glenn, are designed to be used in small groups, but individuals can study them as well.<\/h4>\n<h4>Elles ne sont pas r\u00e9serv\u00e9es aux personnes Anglophones, aux Etats-Unis, mais il en existe 18 traductions avec des lieux de distribution aux Etats-Unis, en Asie, en Afrique, en Australie, en Russie, en Ukraine, en Europe, au Moyen Orient et en Am\u00e9rique du Sud.<\/h4>\n\t\t\t<a href=\"http:\/\/kardo.org\/wp-content\/uploads\/2022\/02\/Core_Values_edited_Jan-13-1.doc\" target=\"_self\" role=\"button\" rel=\"noopener\">\n\t\t\t\t\t\t\tRead Kardo&#8217;s Core Values\n\t\t\t\t\t<\/a>","protected":false},"excerpt":{"rendered":"<p>Kardo Ministries founders David and Denise Glenn share their story of how this ministry began. David and Denise Glenn, Founders of Kardo Ministries David and Denise Glenn are the founders of Kardo Ministries and the authors of the Kardo Bible study materials. The ministry first began in 1981 when Denise began a small Bible study  [&#8230;]<\/p>\n","protected":false},"author":8,"featured_media":0,"parent":0,"menu_order":0,"comment_status":"closed","ping_status":"closed","template":"","meta":{"_monsterinsights_skip_tracking":false,"_monsterinsights_sitenote_active":false,"_monsterinsights_sitenote_note":"","_monsterinsights_sitenote_category":0,"jetpack_post_was_ever_published":false,"footnotes":""},"class_list":["post-8087","page","type-page","status-publish","hentry"],"aioseo_notices":[],"jetpack_sharing_enabled":true,"jetpack_shortlink":"https:\/\/wp.me\/P8kc0W-26r","_links":{"self":[{"href":"https:\/\/kardo.org\/fr\/wp-json\/wp\/v2\/pages\/8087","targetHints":{"allow":["GET"]}}],"collection":[{"href":"https:\/\/kardo.org\/fr\/wp-json\/wp\/v2\/pages"}],"about":[{"href":"https:\/\/kardo.org\/fr\/wp-json\/wp\/v2\/types\/page"}],"author":[{"embeddable":true,"href":"https:\/\/kardo.org\/fr\/wp-json\/wp\/v2\/users\/8"}],"replies":[{"embeddable":true,"href":"https:\/\/kardo.org\/fr\/wp-json\/wp\/v2\/comments?post=8087"}],"version-history":[{"count":5,"href":"https:\/\/kardo.org\/fr\/wp-json\/wp\/v2\/pages\/8087\/revisions"}],"predecessor-version":[{"id":9583,"href":"https:\/\/kardo.org\/fr\/wp-json\/wp\/v2\/pages\/8087\/revisions\/9583"}],"wp:attachment":[{"href":"https:\/\/kardo.org\/fr\/wp-json\/wp\/v2\/media?parent=8087"}],"curies":[{"name":"wp","href":"https:\/\/api.w.org\/{rel}","templated":true}]}}