{"id":8070,"date":"2020-03-23T20:21:50","date_gmt":"2020-03-24T01:21:50","guid":{"rendered":"http:\/\/kardo.org\/?page_id=8070"},"modified":"2024-11-10T16:24:21","modified_gmt":"2024-11-10T22:24:21","slug":"home","status":"publish","type":"page","link":"https:\/\/kardo.org\/fr\/","title":{"rendered":"Accueil"},"content":{"rendered":"<div class=\"fusion-fullwidth fullwidth-box fusion-builder-row-1 fusion-flex-container nonhundred-percent-fullwidth non-hundred-percent-height-scrolling\" style=\"--awb-border-radius-top-left:0px;--awb-border-radius-top-right:0px;--awb-border-radius-bottom-right:0px;--awb-border-radius-bottom-left:0px;--awb-flex-wrap:wrap;\" ><div class=\"fusion-builder-row fusion-row fusion-flex-align-items-flex-start fusion-flex-content-wrap\" style=\"max-width:0;margin-left: calc(-4% \/ 2 );margin-right: calc(-4% \/ 2 );\"><div class=\"fusion-layout-column fusion_builder_column fusion-builder-column-0 fusion_builder_column_1_1 1_1 fusion-flex-column\" style=\"--awb-bg-size:cover;--awb-width-large:100%;--awb-margin-top-large:0px;--awb-spacing-right-large:1.92%;--awb-margin-bottom-large:0px;--awb-spacing-left-large:1.92%;--awb-width-medium:100%;--awb-spacing-right-medium:1.92%;--awb-spacing-left-medium:1.92%;--awb-width-small:100%;--awb-spacing-right-small:1.92%;--awb-spacing-left-small:1.92%;\"><div class=\"fusion-column-wrapper fusion-flex-justify-content-flex-start fusion-content-layout-column\"><div class=\"fusion-text fusion-text-1\"><\/p>\n<h1>Kardo Ministries Seeks to<br>Strengthen Families<\/h1>\n<\/p>\n<h1>en formant des hommes et des femmes du monde entier<br>\u00e0 travers les \u00e9tudes bibliques MotherWise et FatherWise.<\/h1>\n<p><a role=\"button\" href=\"https:\/\/kardo.org\/fr\/who-we-are\/\" target=\"_self\" rel=\"noopener\"> Qui Nous Sommes <\/a> <strong><a href=\"http:\/\/kardo.org\/fr\/motherwise-landing-page-new\/\">MotherWise<\/a> \u2666 <a href=\"http:\/\/kardo.org\/fr\/fatherwise-landing-page-new\/\">FatherWise<\/a><\/strong> MotherWise is Kardo&#8217;s ministry to women, and FatherWise is Kardo&#8217;s ministry to men. Both offer Bible studies and leadership training to help women and men strengthen their marriage, improve parenting and grow in their faith by studying God&#8217;s Word.  <img data-recalc-dims=\"1\" decoding=\"async\" src=\"https:\/\/i0.wp.com\/kardo.org\/wp-content\/plugins\/bb-plugin\/img\/pixel.png?w=1200&#038;ssl=1\" alt=\"\"> <a href=\"http:\/\/kardo.org\/fr\/motherwise-landing-page-new\/\" target=\"_self\" rel=\"noopener\"> <img data-recalc-dims=\"1\" decoding=\"async\" title=\"motherwise_logo_kardo_FINAL\" src=\"https:\/\/i0.wp.com\/kardo.org\/wp-content\/uploads\/2021\/03\/motherwise_logo_kardo_FINAL-1024x555.jpg?resize=1024%2C555&#038;ssl=1\" alt=\"motherwise_logo_kardo_FINAL\" width=\"1024\" height=\"555\"> <\/a> <a href=\"http:\/\/kardo.org\/fr\/fatherwise-landing-page-new\/\" target=\"_self\" rel=\"noopener\"> <img data-recalc-dims=\"1\" decoding=\"async\" title=\"Print\" src=\"https:\/\/i0.wp.com\/kardo.org\/wp-content\/uploads\/2021\/03\/fatherwise_logo_kardo_FINAL.jpg?w=1200\" alt=\"Print\"> <\/a><\/p>\n<h2><a href=\"http:\/\/kardo.org\/fr\/bible-studies-for-her\/\">\u00c9tude Biblique pour les Femmes<\/a><\/h2>\n<p>Six \u00e9tudes distinctes, bas\u00e9es sur la Bible et approfondies, \u00e9crites pour attirer les femmes vers une relation plus \u00e9troite avec J\u00e9sus par l\u2019\u00e9tude des \u00c9critures, la pri\u00e8re et des conseils pratiques. <\/p>\n<h2 data-fontsize=\"19\" data-lineheight=\"26.98px\"><a href=\"http:\/\/kardo.org\/fr\/bible-studies-for-him\/\">\u00c9tude Biblique pour les Hommes<\/a><\/h2>\n<p>Cinq \u00e9tudes distinctes, bas\u00e9es sur la Bible et approfondies, \u00e9crites pour attirer les hommes vers une relation plus \u00e9troite avec J\u00e9sus par l\u2019\u00e9tude des \u00c9critures, la pri\u00e8re et des conseils pratiques. <\/p>\n<h2 data-fontsize=\"19\" data-lineheight=\"26.98px\"><a href=\"https:\/\/kardo.org\/fr\/leadership-materials\/\">Leadership Training<\/a><\/h2>\n<p>Du mat\u00e9riel pour les responsables est disponible pour celles et ceux qui souhaitent partager nos \u00e9tudes bibliques en groupe.<\/p>\n<p><img data-recalc-dims=\"1\" height=\"400\" width=\"400\" decoding=\"async\" title=\"new logo_symbols only\" src=\"https:\/\/i0.wp.com\/kardo.org\/wp-content\/uploads\/2020\/07\/new-logo_symbols-only.jpg?resize=400%2C400\" alt=\"new logo_symbols only\"><\/p>\n<h2 data-fontsize=\"19\" data-lineheight=\"26.98px\"><strong>Pour notre \u00e9nonc\u00e9 de mission<\/strong><\/h2>\n<p>Kardo Ministries is a global community of believers with a heart commitment to witness the restoration and strengthening of both the nuclear family and the family of God. Our Mission is to embrace, educate and encourage families and individuals around the world with God&#8217;s Truth and Love.<\/p>\n<p>MotherWise est un minist\u00e8re chr\u00e9tien et bas\u00e9 sur les Ecritures, mais n\u2019est pas directement affili\u00e9 \u00e0 une \u00e9glise ou \u00e0 une d\u00e9nomination. Nous nous adressons aux familles de toutes les d\u00e9nominations \u00e9vang\u00e9liques, qui croient au message de la Bible et sont centr\u00e9es sur le Christ.<\/p>\n<h2 data-fontsize=\"19\" data-lineheight=\"26.98px\">The Numbers<\/h2>\n<p>49<\/p>\n<h3 data-fontsize=\"18\" data-lineheight=\"23.94px\">Pays<\/h3>\n<p>49 pays \u00e0 travers le monde qui ont utilis\u00e9 le mat\u00e9riel d\u2019\u00e9tude biblique de Kardo.<\/p>\n<p>21<\/p>\n<h3 data-fontsize=\"18\" data-lineheight=\"23.94px\">Translations<\/h3>\n<p>Mat\u00e9riel d\u2019\u00e9tude biblique traduit en 21 langues diff\u00e9rentes, dont le cor\u00e9en, le russe, l\u2019espagnol, le fran\u00e7ais et le mandarin.<\/p>\n<p>11<\/p>\n<h3 data-fontsize=\"20\" data-lineheight=\"22.61px\">\u00c9tudes Biblique<\/h3>\n<p>Eleven Bible studies for men and women of all ages.<\/p>\n<h2 data-fontsize=\"19\" data-lineheight=\"26.98px\">Contact Us<\/h2>\n<h6 data-fontsize=\"13\" data-lineheight=\"17.03px\">Toll-free: 888-272-6972<\/p>\n<p>Local (English): 713-849-9335<\/p>\n<p>Local (Spanish): 713-849-0009<\/p>\n<p>Local (Korean): 713-882-9526<\/p>\n<p><a role=\"button\" href=\"mailto:info@kardo.org\" target=\"_self\" rel=\"noopener\" style=\"font-family: var(--awb-text-font-family); font-size: var(--awb-font-size); font-style: var(--awb-text-font-style); font-weight: var(--awb-text-font-weight); letter-spacing: var(--awb-letter-spacing); text-align: var(--awb-content-alignment); text-transform: var(--awb-text-transform); background-color: var(--awb-bg-color-hover);\">Email Us!<\/a><\/p>\n<\/h6>\n<\/div><\/div><\/div><\/div><\/div>","protected":false},"excerpt":{"rendered":"","protected":false},"author":8,"featured_media":0,"parent":0,"menu_order":0,"comment_status":"closed","ping_status":"closed","template":"","meta":{"_monsterinsights_skip_tracking":false,"_monsterinsights_sitenote_active":false,"_monsterinsights_sitenote_note":"","_monsterinsights_sitenote_category":0,"jetpack_post_was_ever_published":false,"footnotes":""},"class_list":["post-8070","page","type-page","status-publish","hentry"],"aioseo_notices":[],"jetpack_sharing_enabled":true,"jetpack_shortlink":"https:\/\/wp.me\/P8kc0W-26a","_links":{"self":[{"href":"https:\/\/kardo.org\/fr\/wp-json\/wp\/v2\/pages\/8070","targetHints":{"allow":["GET"]}}],"collection":[{"href":"https:\/\/kardo.org\/fr\/wp-json\/wp\/v2\/pages"}],"about":[{"href":"https:\/\/kardo.org\/fr\/wp-json\/wp\/v2\/types\/page"}],"author":[{"embeddable":true,"href":"https:\/\/kardo.org\/fr\/wp-json\/wp\/v2\/users\/8"}],"replies":[{"embeddable":true,"href":"https:\/\/kardo.org\/fr\/wp-json\/wp\/v2\/comments?post=8070"}],"version-history":[{"count":5,"href":"https:\/\/kardo.org\/fr\/wp-json\/wp\/v2\/pages\/8070\/revisions"}],"predecessor-version":[{"id":11763,"href":"https:\/\/kardo.org\/fr\/wp-json\/wp\/v2\/pages\/8070\/revisions\/11763"}],"wp:attachment":[{"href":"https:\/\/kardo.org\/fr\/wp-json\/wp\/v2\/media?parent=8070"}],"curies":[{"name":"wp","href":"https:\/\/api.w.org\/{rel}","templated":true}]}}