{"id":9593,"date":"2022-02-03T14:59:34","date_gmt":"2022-02-03T20:59:34","guid":{"rendered":"https:\/\/kardo.org\/?post_type=product&#038;p=9593"},"modified":"2022-02-07T09:13:52","modified_gmt":"2022-02-07T15:13:52","slug":"fan-the-flame-workbook-spanish-aviva-la-llama","status":"publish","type":"product","link":"https:\/\/kardo.org\/es\/producto\/fan-the-flame-workbook-spanish-aviva-la-llama\/","title":{"rendered":"Fan the Flame Workbook (Spanish): Aviva la Llama"},"content":{"rendered":"<h2>Aviva la Llama (Fan the Flame in Spanish)<\/h2>\n<p style=\"margin: 0in; background: white;\"><span style=\"font-size: 12.0pt; font-family: 'Arial',sans-serif; color: black;\">Descubre la adoraci\u00f3n a Dios en los montes mencionados en la Biblia que inspirar\u00e1 tu fervor hacia \u00c9l.<\/span><\/p>\n<p style=\"margin: 0in; background: white; font-variant-ligatures: normal; font-variant-caps: normal; orphans: 2; text-align: start; widows: 2; -webkit-text-stroke-width: 0px; text-decoration-thickness: initial; text-decoration-style: initial; text-decoration-color: initial; overflow-wrap: break-word; word-spacing: 0px;\"><span style=\"font-size: 12.0pt; font-family: 'Arial',sans-serif; color: black;\">\u00a0<\/span><\/p>\n<p style=\"margin: 0in; background: white; font-variant-ligatures: normal; font-variant-caps: normal; orphans: 2; text-align: start; widows: 2; -webkit-text-stroke-width: 0px; text-decoration-thickness: initial; text-decoration-style: initial; text-decoration-color: initial; overflow-wrap: break-word; word-spacing: 0px;\"><span style=\"font-size: 12.0pt; font-family: 'Arial',sans-serif; color: black;\">La oradora y autora Denise Glenn te llevar\u00e1 en un viaje para aprender m\u00e1s sobre la adoraci\u00f3n en seis cimas de montes diferentes mencionadas en las Escrituras. Cuando el fuego y los montes se unen, Dios ense\u00f1a a Su pueblo algo nuevo acerca de la adoraci\u00f3n, algo que no sab\u00edan antes.\u00a0Si est\u00e1s hambriento de avivamiento, hambriento de escuchar la voz de Dios y listo para ver a Dios obrando, Aviva la Llama es para ti.\u00a0<\/span><\/p>\n<p>&nbsp;<\/p>\n<h2><\/h2>","protected":false},"excerpt":{"rendered":"<p>Aviva la Llama (Fan the Flame in Spanish) Descubre la adoraci\u00f3n a Dios en los montes mencionados en la Biblia que inspirar\u00e1 tu fervor hacia \u00c9l. \u00a0 La oradora y autora Denise Glenn te llevar\u00e1 en un viaje para aprender m\u00e1s sobre la adoraci\u00f3n en seis cimas de montes diferentes mencionadas en las Escrituras. Cuando  [&#8230;]<\/p>\n","protected":false},"featured_media":9603,"template":"","meta":{"_monsterinsights_skip_tracking":false,"_monsterinsights_sitenote_active":false,"_monsterinsights_sitenote_note":"","_monsterinsights_sitenote_category":0,"jetpack_post_was_ever_published":false},"product_brand":[],"product_cat":[26,12],"product_tag":[57,59],"class_list":{"0":"post-9593","1":"product","2":"type-product","3":"status-publish","4":"has-post-thumbnail","6":"product_cat-spanish","7":"product_cat-fan-the-flame","8":"product_tag-fan-the-flame","9":"product_tag-spanish","11":"first","12":"instock","13":"shipping-taxable","14":"purchasable","15":"product-type-simple"},"aioseo_notices":[],"jetpack_sharing_enabled":true,"_links":{"self":[{"href":"https:\/\/kardo.org\/es\/wp-json\/wp\/v2\/product\/9593","targetHints":{"allow":["GET"]}}],"collection":[{"href":"https:\/\/kardo.org\/es\/wp-json\/wp\/v2\/product"}],"about":[{"href":"https:\/\/kardo.org\/es\/wp-json\/wp\/v2\/types\/product"}],"wp:featuredmedia":[{"embeddable":true,"href":"https:\/\/kardo.org\/es\/wp-json\/wp\/v2\/media\/9603"}],"wp:attachment":[{"href":"https:\/\/kardo.org\/es\/wp-json\/wp\/v2\/media?parent=9593"}],"wp:term":[{"taxonomy":"product_brand","embeddable":true,"href":"https:\/\/kardo.org\/es\/wp-json\/wp\/v2\/product_brand?post=9593"},{"taxonomy":"product_cat","embeddable":true,"href":"https:\/\/kardo.org\/es\/wp-json\/wp\/v2\/product_cat?post=9593"},{"taxonomy":"product_tag","embeddable":true,"href":"https:\/\/kardo.org\/es\/wp-json\/wp\/v2\/product_tag?post=9593"}],"curies":[{"name":"wp","href":"https:\/\/api.w.org\/{rel}","templated":true}]}}