{"id":2216,"date":"2016-02-11T22:34:28","date_gmt":"2016-02-12T04:34:28","guid":{"rendered":"http:\/\/173.254.28.170\/~kardoorg\/?post_type=product&#038;p=2216"},"modified":"2021-07-03T14:29:53","modified_gmt":"2021-07-03T19:29:53","slug":"wisdom-for-fathers-workbook-polish","status":"publish","type":"product","link":"https:\/\/kardo.org\/es\/producto\/wisdom-for-fathers-workbook-polish\/","title":{"rendered":"Wisdom for Fathers Workbook (Polish)"},"content":{"rendered":"<p>Doskona\u0142e \u017ar\u00f3d\u0142o pomocne w przybli\u017ceniu ci\u0119 do Bo\u017cego S\u0142owa oraz w nauce jak by\u0107 silnym Bo\u017cym m\u0119\u017cczyzn\u0105, odnosz\u0105cym sukces m\u0119\u017cem oraz dobrym ojcem. Na dziesi\u0119ciotygodniowe studium sk\u0142adaj\u0105 si\u0119 codzienne modlitwy oraz studium biblijne. Podr\u0119cznik jest swoistym przewodnikiem do codziennego studiowania (5 dni w tygodniu przez 10-15 minut dziennie), kt\u00f3ry zosta\u0142 napisany w celu zach\u0119ty do indywidualnego studiowania, jak i do dyskusji w grupach. Ksi\u0105\u017cka pomaga skupi\u0107 si\u0119 na Bo\u017cym S\u0142owie, a tak\u017ce zapewnia praktyczne wskaz\u00f3wki do zastosowania w \u017cyciu codziennym.<\/p>\n<p>&nbsp;<\/p>","protected":false},"excerpt":{"rendered":"<p>Doskona\u0142e \u017ar\u00f3d\u0142o pomocne w przybli\u017ceniu ci\u0119 do Bo\u017cego S\u0142owa oraz w nauce jak by\u0107 silnym Bo\u017cym m\u0119\u017cczyzn\u0105, odnosz\u0105cym sukces m\u0119\u017cem oraz dobrym ojcem. Na dziesi\u0119ciotygodniowe studium sk\u0142adaj\u0105 si\u0119 codzienne modlitwy oraz studium biblijne. Podr\u0119cznik jest swoistym przewodnikiem do codziennego studiowania (5 dni w tygodniu przez 10-15 minut dziennie), kt\u00f3ry zosta\u0142 napisany w celu zach\u0119ty do  [&#8230;]<\/p>\n","protected":false},"featured_media":2217,"template":"","meta":{"_monsterinsights_skip_tracking":false,"_monsterinsights_sitenote_active":false,"_monsterinsights_sitenote_note":"","_monsterinsights_sitenote_category":0,"jetpack_post_was_ever_published":false},"product_brand":[],"product_cat":[36,11],"product_tag":[69,52],"class_list":{"0":"post-2216","1":"product","2":"type-product","3":"status-publish","4":"has-post-thumbnail","6":"product_cat-polish","7":"product_cat-wisdom-for-fathers","8":"product_tag-polish","9":"product_tag-wisdom-for-fathers","11":"first","12":"instock","13":"shipping-taxable","14":"purchasable","15":"product-type-simple"},"aioseo_notices":[],"jetpack_sharing_enabled":true,"_links":{"self":[{"href":"https:\/\/kardo.org\/es\/wp-json\/wp\/v2\/product\/2216","targetHints":{"allow":["GET"]}}],"collection":[{"href":"https:\/\/kardo.org\/es\/wp-json\/wp\/v2\/product"}],"about":[{"href":"https:\/\/kardo.org\/es\/wp-json\/wp\/v2\/types\/product"}],"wp:featuredmedia":[{"embeddable":true,"href":"https:\/\/kardo.org\/es\/wp-json\/wp\/v2\/media\/2217"}],"wp:attachment":[{"href":"https:\/\/kardo.org\/es\/wp-json\/wp\/v2\/media?parent=2216"}],"wp:term":[{"taxonomy":"product_brand","embeddable":true,"href":"https:\/\/kardo.org\/es\/wp-json\/wp\/v2\/product_brand?post=2216"},{"taxonomy":"product_cat","embeddable":true,"href":"https:\/\/kardo.org\/es\/wp-json\/wp\/v2\/product_cat?post=2216"},{"taxonomy":"product_tag","embeddable":true,"href":"https:\/\/kardo.org\/es\/wp-json\/wp\/v2\/product_tag?post=2216"}],"curies":[{"name":"wp","href":"https:\/\/api.w.org\/{rel}","templated":true}]}}