{"id":2152,"date":"2016-02-11T20:33:25","date_gmt":"2016-02-12T02:33:25","guid":{"rendered":"http:\/\/173.254.28.170\/~kardoorg\/?post_type=product&#038;p=2152"},"modified":"2023-11-03T08:57:10","modified_gmt":"2023-11-03T13:57:10","slug":"sabiduria-para-madres-dvd-spanish","status":"publish","type":"product","link":"https:\/\/kardo.org\/es\/producto\/sabiduria-para-madres-dvd-spanish\/","title":{"rendered":"Wisdom for Mothers DVD (Spanish) Sabiduria para Madres"},"content":{"rendered":"<p>Entra\u00f1able estilo de ense\u00f1anza de Denise (con los pies en la tierra seg\u00fan David) ense\u00f1ar\u00e1 las verdades profundas de Dios para tu vida. Esta serie de ense\u00f1anzas en DVD es necesaria para el estudio en grupo. Esta serie de DVD contiene lecciones de estudios b\u00edblicos vinculados al libro (aproximadamente 30 minutos de duraci\u00f3n). Acompa\u00f1a y realza el libro de estudio.<\/p>\n<h2><\/h2>","protected":false},"excerpt":{"rendered":"<p>Entra\u00f1able estilo de ense\u00f1anza de Denise (con los pies en la tierra seg\u00fan David) ense\u00f1ar\u00e1 las verdades profundas de Dios para tu vida. Esta serie de ense\u00f1anzas en DVD es necesaria para el estudio en grupo. Esta serie de DVD contiene lecciones de estudios b\u00edblicos vinculados al libro (aproximadamente 30 minutos de duraci\u00f3n). Acompa\u00f1a y  [&#8230;]<\/p>\n","protected":false},"featured_media":2112,"template":"","meta":{"_monsterinsights_skip_tracking":false,"_monsterinsights_sitenote_active":false,"_monsterinsights_sitenote_note":"","_monsterinsights_sitenote_category":0,"jetpack_post_was_ever_published":false},"product_brand":[],"product_cat":[26,10],"product_tag":[59,51],"class_list":{"0":"post-2152","1":"product","2":"type-product","3":"status-publish","4":"has-post-thumbnail","6":"product_cat-spanish","7":"product_cat-wisdom-for-mothers","8":"product_tag-spanish","9":"product_tag-wisdom-for-mothers","11":"first","12":"instock","13":"sale","14":"shipping-taxable","15":"purchasable","16":"product-type-simple"},"aioseo_notices":[],"jetpack_sharing_enabled":true,"_links":{"self":[{"href":"https:\/\/kardo.org\/es\/wp-json\/wp\/v2\/product\/2152","targetHints":{"allow":["GET"]}}],"collection":[{"href":"https:\/\/kardo.org\/es\/wp-json\/wp\/v2\/product"}],"about":[{"href":"https:\/\/kardo.org\/es\/wp-json\/wp\/v2\/types\/product"}],"wp:featuredmedia":[{"embeddable":true,"href":"https:\/\/kardo.org\/es\/wp-json\/wp\/v2\/media\/2112"}],"wp:attachment":[{"href":"https:\/\/kardo.org\/es\/wp-json\/wp\/v2\/media?parent=2152"}],"wp:term":[{"taxonomy":"product_brand","embeddable":true,"href":"https:\/\/kardo.org\/es\/wp-json\/wp\/v2\/product_brand?post=2152"},{"taxonomy":"product_cat","embeddable":true,"href":"https:\/\/kardo.org\/es\/wp-json\/wp\/v2\/product_cat?post=2152"},{"taxonomy":"product_tag","embeddable":true,"href":"https:\/\/kardo.org\/es\/wp-json\/wp\/v2\/product_tag?post=2152"}],"curies":[{"name":"wp","href":"https:\/\/api.w.org\/{rel}","templated":true}]}}