{"id":12583,"date":"2026-01-09T13:20:17","date_gmt":"2026-01-09T19:20:17","guid":{"rendered":"https:\/\/kardo.org\/?post_type=product&#038;p=12583"},"modified":"2026-01-09T13:27:29","modified_gmt":"2026-01-09T19:27:29","slug":"restaura-mi-corazon-video-links-videos-overdubbed-in-spanish-restore-my-heart","status":"publish","type":"product","link":"https:\/\/kardo.org\/es\/producto\/restaura-mi-corazon-video-links-videos-overdubbed-in-spanish-restore-my-heart\/","title":{"rendered":"Restaura Mi Coraz\u00f3n Video Links  (videos overdubbed in Spanish): Restore My Heart"},"content":{"rendered":"<div class=\"fusion-fullwidth fullwidth-box fusion-builder-row-1 fusion-flex-container nonhundred-percent-fullwidth non-hundred-percent-height-scrolling\" style=\"--awb-border-radius-top-left:0px;--awb-border-radius-top-right:0px;--awb-border-radius-bottom-right:0px;--awb-border-radius-bottom-left:0px;--awb-flex-wrap:wrap;\" ><div class=\"fusion-builder-row fusion-row fusion-flex-align-items-flex-start fusion-flex-content-wrap\" style=\"max-width:0;margin-left: calc(-4% \/ 2 );margin-right: calc(-4% \/ 2 );\"><div class=\"fusion-layout-column fusion_builder_column fusion-builder-column-0 fusion_builder_column_1_1 1_1 fusion-flex-column\" style=\"--awb-bg-size:cover;--awb-width-large:100%;--awb-margin-top-large:0px;--awb-spacing-right-large:1.92%;--awb-margin-bottom-large:0px;--awb-spacing-left-large:1.92%;--awb-width-medium:100%;--awb-spacing-right-medium:1.92%;--awb-spacing-left-medium:1.92%;--awb-width-small:100%;--awb-spacing-right-small:1.92%;--awb-spacing-left-small:1.92%;\"><div class=\"fusion-column-wrapper fusion-flex-justify-content-flex-start fusion-content-layout-column\"><div class=\"fusion-text fusion-text-1\"><p>El entra\u00f1able estilo de ense\u00f1anza de Denise Glenn te sumergir\u00e1 profundamente en las verdades de Dios para tu vida. Esta serie de v\u00eddeos did\u00e1cticos es imprescindible para el estudio en grupo. Estos enlaces de v\u00eddeo contienen lecciones de estudio b\u00edblico relacionadas con el libro de ejercicios (cada una de aproximadamente 15 minutos). Acompa\u00f1a y mejora el estudio del libro de ejercicios. Estos v\u00eddeos est\u00e1n doblados al espa\u00f1ol.<\/p>\n<p>Denise Glenn&#8217;s endearing teaching style will draw you deep into God&#8217;s truths for your life. This video teaching series is a must for group study. These video links contain Bible study lessons tied to the workbook (each approx. 15 minutes). Accompanies and enhances workbook study. These videos are overdubbed in Spanish.<\/p>\n<h2><\/h2>\n<\/div><\/div><\/div><\/div><\/div>","protected":false},"excerpt":{"rendered":"<h2>This DVD series contains Bible study lessons tied to the workbook (each approx. 30 minutes). Accompanies and enhances workbook study.<\/h2>","protected":false},"featured_media":12584,"template":"","meta":{"_monsterinsights_skip_tracking":false,"_monsterinsights_sitenote_active":false,"_monsterinsights_sitenote_note":"","_monsterinsights_sitenote_category":0,"jetpack_post_was_ever_published":false},"product_brand":[],"product_cat":[26],"product_tag":[55,59],"class_list":{"0":"post-12583","1":"product","2":"type-product","3":"status-publish","4":"has-post-thumbnail","6":"product_cat-spanish","7":"product_tag-restore-my-heart","8":"product_tag-spanish","10":"first","11":"instock","12":"virtual","13":"purchasable","14":"product-type-simple"},"aioseo_notices":[],"jetpack_sharing_enabled":true,"_links":{"self":[{"href":"https:\/\/kardo.org\/es\/wp-json\/wp\/v2\/product\/12583","targetHints":{"allow":["GET"]}}],"collection":[{"href":"https:\/\/kardo.org\/es\/wp-json\/wp\/v2\/product"}],"about":[{"href":"https:\/\/kardo.org\/es\/wp-json\/wp\/v2\/types\/product"}],"wp:featuredmedia":[{"embeddable":true,"href":"https:\/\/kardo.org\/es\/wp-json\/wp\/v2\/media\/12584"}],"wp:attachment":[{"href":"https:\/\/kardo.org\/es\/wp-json\/wp\/v2\/media?parent=12583"}],"wp:term":[{"taxonomy":"product_brand","embeddable":true,"href":"https:\/\/kardo.org\/es\/wp-json\/wp\/v2\/product_brand?post=12583"},{"taxonomy":"product_cat","embeddable":true,"href":"https:\/\/kardo.org\/es\/wp-json\/wp\/v2\/product_cat?post=12583"},{"taxonomy":"product_tag","embeddable":true,"href":"https:\/\/kardo.org\/es\/wp-json\/wp\/v2\/product_tag?post=12583"}],"curies":[{"name":"wp","href":"https:\/\/api.w.org\/{rel}","templated":true}]}}