{"id":10559,"date":"2023-08-14T09:40:32","date_gmt":"2023-08-14T14:40:32","guid":{"rendered":"https:\/\/kardo.org\/?post_type=product&#038;p=10559"},"modified":"2024-03-11T22:03:14","modified_gmt":"2024-03-12T03:03:14","slug":"new-fan-the-flame-spanish-online-bible-study-aviva-la-llama","status":"publish","type":"product","link":"https:\/\/kardo.org\/es\/producto\/new-fan-the-flame-spanish-online-bible-study-aviva-la-llama\/","title":{"rendered":"NEW! Fan the Flame (Spanish) ONLINE Bible Study (Aviva la Llama)"},"content":{"rendered":"<p>Descubre la adoraci\u00f3n a Dios en los montes mencionados en la Biblia que inspirar\u00e1 tu fervor hacia \u00c9l.<\/p>\n<p>La oradora y autora Denise Glenn te llevar\u00e1 en un viaje para aprender m\u00e1s sobre la adoraci\u00f3n en seis cimas de montes diferentes mencionadas en las Escrituras. Cuando el fuego y los montes se unen, Dios ense\u00f1a a Su pueblo algo nuevo acerca de la adoraci\u00f3n, algo que no sab\u00edan antes.\u00a0Si est\u00e1s hambriento de avivamiento, hambriento de escuchar la voz de Dios y listo para ver a Dios obrando, Aviva la Llama es para ti.<\/p>\n<p>NOTA: Esta opci\u00f3n en l\u00ednea est\u00e1 siempre disponible para usted una vez comprado y es interactivo con rellenar los espacios en blanco que se puede editar y actualizar a medida que aprender y crecer.\u00a0 \u00a0Usted recibir\u00e1 un correo electr\u00f3nico de Kardo con el enlace al estudio en l\u00ednea y las instrucciones para el acceso.<\/p>","protected":false},"excerpt":{"rendered":"<h2>Descubre la adoraci\u00f3n a Dios en los montes mencionados en la Biblia que inspirar\u00e1 tu fervor hacia \u00c9l. Estudio b\u00edblico de 6 semanas.<\/h2>","protected":false},"featured_media":11224,"template":"","meta":{"_monsterinsights_skip_tracking":false,"_monsterinsights_sitenote_active":false,"_monsterinsights_sitenote_note":"","_monsterinsights_sitenote_category":0,"jetpack_post_was_ever_published":false},"product_brand":[],"product_cat":[113,26,12],"product_tag":[],"class_list":{"0":"post-10559","1":"product","2":"type-product","3":"status-publish","4":"has-post-thumbnail","6":"product_cat-online-bible-studies","7":"product_cat-spanish","8":"product_cat-fan-the-flame","9":"product_shipping_class-online","11":"first","12":"instock","13":"shipping-taxable","14":"purchasable","15":"product-type-simple"},"aioseo_notices":[],"jetpack_sharing_enabled":true,"_links":{"self":[{"href":"https:\/\/kardo.org\/es\/wp-json\/wp\/v2\/product\/10559","targetHints":{"allow":["GET"]}}],"collection":[{"href":"https:\/\/kardo.org\/es\/wp-json\/wp\/v2\/product"}],"about":[{"href":"https:\/\/kardo.org\/es\/wp-json\/wp\/v2\/types\/product"}],"wp:featuredmedia":[{"embeddable":true,"href":"https:\/\/kardo.org\/es\/wp-json\/wp\/v2\/media\/11224"}],"wp:attachment":[{"href":"https:\/\/kardo.org\/es\/wp-json\/wp\/v2\/media?parent=10559"}],"wp:term":[{"taxonomy":"product_brand","embeddable":true,"href":"https:\/\/kardo.org\/es\/wp-json\/wp\/v2\/product_brand?post=10559"},{"taxonomy":"product_cat","embeddable":true,"href":"https:\/\/kardo.org\/es\/wp-json\/wp\/v2\/product_cat?post=10559"},{"taxonomy":"product_tag","embeddable":true,"href":"https:\/\/kardo.org\/es\/wp-json\/wp\/v2\/product_tag?post=10559"}],"curies":[{"name":"wp","href":"https:\/\/api.w.org\/{rel}","templated":true}]}}