{"id":10553,"date":"2023-08-14T09:14:49","date_gmt":"2023-08-14T14:14:49","guid":{"rendered":"https:\/\/kardo.org\/?post_type=product&#038;p=10553"},"modified":"2024-03-11T22:08:55","modified_gmt":"2024-03-12T03:08:55","slug":"wisdom-for-fathers-spanish-online-bible-study-sabiduria-para-padres","status":"publish","type":"product","link":"https:\/\/kardo.org\/es\/producto\/wisdom-for-fathers-spanish-online-bible-study-sabiduria-para-padres\/","title":{"rendered":"NEW! Wisdom for Fathers (Spanish) ONLINE Bible Study (Sabiduria Para Padres)"},"content":{"rendered":"<p>Un excelente recurso que te embarca\u00a0 en la Palabra de Dios para aprender a ser un hombre s\u00f3lido en Dios, un marido exitoso y un gran padre. Estudio de diez semanas que consiste en la oraci\u00f3n diaria y el tiempo devocional. El libro es una gu\u00eda devocional para ser utilizado 5 d\u00edas de clases diarias (10 a 15 minutos por d\u00eda) . El estudio est\u00e1 escrito para animarte a\u00a0 estudiarlo independientemente o en\u00a0 peque\u00f1os grupos de discusi\u00f3n a trav\u00e9s de un formato de pregunta y respuesta. El libro mejora tu tiempo en la Palabra de Dios, asi como, la\u00a0 aplicaci\u00f3n pr\u00e1ctica en tu vida diaria.<\/p>\n<p>NOTA: Esta opci\u00f3n en l\u00ednea est\u00e1 siempre disponible para usted una vez comprado y es interactivo con rellenar los espacios en blanco que se puede editar y actualizar a medida que aprender y crecer.\u00a0 \u00a0Usted recibir\u00e1 un correo electr\u00f3nico de Kardo con el enlace al estudio en l\u00ednea y las instrucciones para el acceso.<\/p>","protected":false},"excerpt":{"rendered":"<p>Un excelente recurso que te embarca\u00a0 en la Palabra de Dios para aprender a ser un hombre s\u00f3lido en Dios, un marido exitoso y un gran padre. Estudio de diez semanas que consiste en la oraci\u00f3n diaria y el tiempo devocional. El libro es una gu\u00eda devocional para ser utilizado 5 d\u00edas de clases diarias  [&#8230;]<\/p>\n","protected":false},"featured_media":11225,"template":"","meta":{"_monsterinsights_skip_tracking":false,"_monsterinsights_sitenote_active":false,"_monsterinsights_sitenote_note":"","_monsterinsights_sitenote_category":0,"jetpack_post_was_ever_published":false},"product_brand":[],"product_cat":[113,26,11],"product_tag":[],"class_list":{"0":"post-10553","1":"product","2":"type-product","3":"status-publish","4":"has-post-thumbnail","6":"product_cat-online-bible-studies","7":"product_cat-spanish","8":"product_cat-wisdom-for-fathers","9":"product_shipping_class-online","11":"first","12":"instock","13":"shipping-taxable","14":"purchasable","15":"product-type-simple"},"aioseo_notices":[],"jetpack_sharing_enabled":true,"_links":{"self":[{"href":"https:\/\/kardo.org\/es\/wp-json\/wp\/v2\/product\/10553","targetHints":{"allow":["GET"]}}],"collection":[{"href":"https:\/\/kardo.org\/es\/wp-json\/wp\/v2\/product"}],"about":[{"href":"https:\/\/kardo.org\/es\/wp-json\/wp\/v2\/types\/product"}],"wp:featuredmedia":[{"embeddable":true,"href":"https:\/\/kardo.org\/es\/wp-json\/wp\/v2\/media\/11225"}],"wp:attachment":[{"href":"https:\/\/kardo.org\/es\/wp-json\/wp\/v2\/media?parent=10553"}],"wp:term":[{"taxonomy":"product_brand","embeddable":true,"href":"https:\/\/kardo.org\/es\/wp-json\/wp\/v2\/product_brand?post=10553"},{"taxonomy":"product_cat","embeddable":true,"href":"https:\/\/kardo.org\/es\/wp-json\/wp\/v2\/product_cat?post=10553"},{"taxonomy":"product_tag","embeddable":true,"href":"https:\/\/kardo.org\/es\/wp-json\/wp\/v2\/product_tag?post=10553"}],"curies":[{"name":"wp","href":"https:\/\/api.w.org\/{rel}","templated":true}]}}