{"id":8070,"date":"2020-03-23T20:21:50","date_gmt":"2020-03-24T01:21:50","guid":{"rendered":"http:\/\/kardo.org\/?page_id=8070"},"modified":"2024-11-10T16:24:21","modified_gmt":"2024-11-10T22:24:21","slug":"home","status":"publish","type":"page","link":"https:\/\/kardo.org\/es\/","title":{"rendered":"Home"},"content":{"rendered":"<div class=\"fusion-fullwidth fullwidth-box fusion-builder-row-1 fusion-flex-container nonhundred-percent-fullwidth non-hundred-percent-height-scrolling\" style=\"--awb-border-radius-top-left:0px;--awb-border-radius-top-right:0px;--awb-border-radius-bottom-right:0px;--awb-border-radius-bottom-left:0px;--awb-flex-wrap:wrap;\" ><div class=\"fusion-builder-row fusion-row fusion-flex-align-items-flex-start fusion-flex-content-wrap\" style=\"max-width:0;margin-left: calc(-4% \/ 2 );margin-right: calc(-4% \/ 2 );\"><div class=\"fusion-layout-column fusion_builder_column fusion-builder-column-0 fusion_builder_column_1_1 1_1 fusion-flex-column\" style=\"--awb-bg-size:cover;--awb-width-large:100%;--awb-margin-top-large:0px;--awb-spacing-right-large:1.92%;--awb-margin-bottom-large:0px;--awb-spacing-left-large:1.92%;--awb-width-medium:100%;--awb-spacing-right-medium:1.92%;--awb-spacing-left-medium:1.92%;--awb-width-small:100%;--awb-spacing-right-small:1.92%;--awb-spacing-left-small:1.92%;\"><div class=\"fusion-column-wrapper fusion-flex-justify-content-flex-start fusion-content-layout-column\"><div class=\"fusion-text fusion-text-1\"><\/p>\n<h1>Kardo Ministries Seeks to<br>Strengthen Families<\/h1>\n<\/p>\n<h1>by Training Men &amp; Women Around the World<br>through MotherWise and FatherWise Bible Studies.<\/h1>\n<p><a role=\"button\" href=\"https:\/\/kardo.org\/es\/who-we-are\/\" target=\"_self\" rel=\"noopener\"> Who We Are <\/a> <strong><a href=\"http:\/\/kardo.org\/es\/motherwise-landing-page-new\/\">MadreSabia<\/a> \u2666 <a href=\"http:\/\/kardo.org\/es\/fatherwise-landing-page-new\/\">PadreSabio<\/a><\/strong> MotherWise is Kardo&#8217;s ministry to women, and FatherWise is Kardo&#8217;s ministry to men. Both offer Bible studies and leadership training to help women and men strengthen their marriage, improve parenting and grow in their faith by studying God&#8217;s Word.  <img data-recalc-dims=\"1\" decoding=\"async\" src=\"https:\/\/i0.wp.com\/kardo.org\/wp-content\/plugins\/bb-plugin\/img\/pixel.png?w=1200&#038;ssl=1\" alt=\"\"> <a href=\"http:\/\/kardo.org\/es\/motherwise-landing-page-new\/\" target=\"_self\" rel=\"noopener\"> <img data-recalc-dims=\"1\" decoding=\"async\" title=\"motherwise_logo_kardo_FINAL\" src=\"https:\/\/i0.wp.com\/kardo.org\/wp-content\/uploads\/2021\/03\/motherwise_logo_kardo_FINAL-1024x555.jpg?resize=1024%2C555&#038;ssl=1\" alt=\"motherwise_logo_kardo_FINAL\" width=\"1024\" height=\"555\"> <\/a> <a href=\"http:\/\/kardo.org\/es\/fatherwise-landing-page-new\/\" target=\"_self\" rel=\"noopener\"> <img data-recalc-dims=\"1\" decoding=\"async\" title=\"Print\" src=\"https:\/\/i0.wp.com\/kardo.org\/wp-content\/uploads\/2021\/03\/fatherwise_logo_kardo_FINAL.jpg?w=1200\" alt=\"Print\"> <\/a><\/p>\n<h2><a href=\"http:\/\/kardo.org\/es\/bible-studies-for-her\/\">Estudios B\u00edblicos para Mujeres<\/a><\/h2>\n<p>Sies estudios separados, en profundidad y basados en la Biblia, escritos para atraer a las mujeres a una relaci\u00f3n m\u00e1s estrecha con Jes\u00fas a trav\u00e9s de las Escrituras, la oraci\u00f3n, y consejos pr\u00e1cticos. <\/p>\n<h2 data-fontsize=\"19\" data-lineheight=\"26.98px\"><a href=\"http:\/\/kardo.org\/es\/bible-studies-for-him\/\">Estudios B\u00edblicos para Hombres<\/a><\/h2>\n<p>Cinco estudios separados, en profundidad y basados en la Biblia, escritos para acercar a los hombres a una cerradora relaci\u00f3n con Jes\u00fas a trav\u00e9s del estudio de las Escrituras, la oraci\u00f3n, y consejos pr\u00e1cticos. <\/p>\n<h2 data-fontsize=\"19\" data-lineheight=\"26.98px\"><a href=\"https:\/\/kardo.org\/es\/leadership-materials\/\">Entrenamiento del liderazgo<\/a><\/h2>\n<p>Los materiales de liderazgo est\u00e1n disponibles para aquellos que desean compartir nuestras estudios b\u00edblicos en grupo.<\/p>\n<p><img data-recalc-dims=\"1\" height=\"400\" width=\"400\" decoding=\"async\" title=\"new logo_symbols only\" src=\"https:\/\/i0.wp.com\/kardo.org\/wp-content\/uploads\/2020\/07\/new-logo_symbols-only.jpg?resize=400%2C400\" alt=\"new logo_symbols only\"><\/p>\n<h2 data-fontsize=\"19\" data-lineheight=\"26.98px\"><strong>Mission Statement<\/strong><\/h2>\n<p>Kardo Ministries is a global community of believers with a heart commitment to witness the restoration and strengthening of both the nuclear family and the family of God. Our Mission is to embrace, educate and encourage families and individuals around the world with God&#8217;s Truth and Love.<\/p>\n<p>MotherWise and FatherWise are distinctively Christian and Scripture-based, but are not directly affiliated with any church or denomination. We minister to families from all evangelical, Bible-believing, Christ-centered denominations.<\/p>\n<h2 data-fontsize=\"19\" data-lineheight=\"26.98px\">The Numbers<\/h2>\n<p>49<\/p>\n<h3 data-fontsize=\"18\" data-lineheight=\"23.94px\">Pa\u00edses<\/h3>\n<p>49 pa\u00edses de todo el mundo que han utilizado los estudios b\u00edblicos de Kardo.<\/p>\n<p>21<\/p>\n<h3 data-fontsize=\"18\" data-lineheight=\"23.94px\">Traducciones<\/h3>\n<p>Materiales de estudios b\u00edblicos traducidos a 21 idiomas diferentes, incluidos coreano, ruso, espa\u00f1ol, franc\u00e9s, y mandar\u00edn.<\/p>\n<p>11<\/p>\n<h3 data-fontsize=\"20\" data-lineheight=\"22.61px\">Estudios B\u00edblicos<\/h3>\n<p>Once estudios b\u00edblicos para hombres y mujeres de todas las edades.<\/p>\n<h2 data-fontsize=\"19\" data-lineheight=\"26.98px\">Contact Us<\/h2>\n<h6 data-fontsize=\"13\" data-lineheight=\"17.03px\">Toll-free: 888-272-6972<\/p>\n<p>Local (English): 713-849-9335<\/p>\n<p>Local (Spanish): 713-849-0009<\/p>\n<p>Local (Korean): 713-882-9526<\/p>\n<p><a role=\"button\" href=\"mailto:info@kardo.org\" target=\"_self\" rel=\"noopener\" style=\"font-family: var(--awb-text-font-family); font-size: var(--awb-font-size); font-style: var(--awb-text-font-style); font-weight: var(--awb-text-font-weight); letter-spacing: var(--awb-letter-spacing); text-align: var(--awb-content-alignment); text-transform: var(--awb-text-transform); background-color: var(--awb-bg-color-hover);\">Email Us!<\/a><\/p>\n<\/h6>\n<\/div><\/div><\/div><\/div><\/div>","protected":false},"excerpt":{"rendered":"","protected":false},"author":8,"featured_media":0,"parent":0,"menu_order":0,"comment_status":"closed","ping_status":"closed","template":"","meta":{"_monsterinsights_skip_tracking":false,"_monsterinsights_sitenote_active":false,"_monsterinsights_sitenote_note":"","_monsterinsights_sitenote_category":0,"jetpack_post_was_ever_published":false,"footnotes":""},"class_list":["post-8070","page","type-page","status-publish","hentry"],"aioseo_notices":[],"jetpack_sharing_enabled":true,"jetpack_shortlink":"https:\/\/wp.me\/P8kc0W-26a","_links":{"self":[{"href":"https:\/\/kardo.org\/es\/wp-json\/wp\/v2\/pages\/8070","targetHints":{"allow":["GET"]}}],"collection":[{"href":"https:\/\/kardo.org\/es\/wp-json\/wp\/v2\/pages"}],"about":[{"href":"https:\/\/kardo.org\/es\/wp-json\/wp\/v2\/types\/page"}],"author":[{"embeddable":true,"href":"https:\/\/kardo.org\/es\/wp-json\/wp\/v2\/users\/8"}],"replies":[{"embeddable":true,"href":"https:\/\/kardo.org\/es\/wp-json\/wp\/v2\/comments?post=8070"}],"version-history":[{"count":5,"href":"https:\/\/kardo.org\/es\/wp-json\/wp\/v2\/pages\/8070\/revisions"}],"predecessor-version":[{"id":11763,"href":"https:\/\/kardo.org\/es\/wp-json\/wp\/v2\/pages\/8070\/revisions\/11763"}],"wp:attachment":[{"href":"https:\/\/kardo.org\/es\/wp-json\/wp\/v2\/media?parent=8070"}],"curies":[{"name":"wp","href":"https:\/\/api.w.org\/{rel}","templated":true}]}}